{"id":7817,"date":"2021-03-30T11:39:00","date_gmt":"2021-03-30T14:39:00","guid":{"rendered":"https:\/\/wefiv.com\/tratamentos\/tests-tecnicas\/macs\/"},"modified":"2023-12-14T09:29:09","modified_gmt":"2023-12-14T12:29:09","slug":"macs","status":"publish","type":"page","link":"https:\/\/wefiv.com\/pt-br\/tratamentos\/testes-tecnicas\/macs\/","title":{"rendered":"MACS"},"content":{"rendered":"\t\t<div data-elementor-type=\"wp-page\" data-elementor-id=\"7817\" class=\"elementor elementor-7817 elementor-1116\" data-elementor-post-type=\"page\">\n\t\t\t\t\t\t<section class=\"elementor-section elementor-top-section elementor-element elementor-element-d36e7d5 elementor-section-height-min-height elementor-section-boxed elementor-section-height-default elementor-section-items-middle\" data-id=\"d36e7d5\" data-element_type=\"section\" data-e-type=\"section\" data-settings=\"{&quot;background_background&quot;:&quot;classic&quot;}\">\n\t\t\t\t\t\t<div class=\"elementor-container elementor-column-gap-default\">\n\t\t\t\t\t<div class=\"elementor-column elementor-col-100 elementor-top-column elementor-element elementor-element-6ea4c98e\" data-id=\"6ea4c98e\" data-element_type=\"column\" data-e-type=\"column\">\n\t\t\t<div class=\"elementor-widget-wrap elementor-element-populated\">\n\t\t\t\t\t\t<section class=\"elementor-section elementor-inner-section elementor-element elementor-element-47a5fc23 elementor-reverse-mobile elementor-section-boxed elementor-section-height-default elementor-section-height-default\" data-id=\"47a5fc23\" data-element_type=\"section\" data-e-type=\"section\">\n\t\t\t\t\t\t<div class=\"elementor-container elementor-column-gap-default\">\n\t\t\t\t\t<div class=\"elementor-column elementor-col-50 elementor-inner-column elementor-element elementor-element-4397c7a7\" data-id=\"4397c7a7\" data-element_type=\"column\" data-e-type=\"column\">\n\t\t\t<div class=\"elementor-widget-wrap elementor-element-populated\">\n\t\t\t\t\t\t<div class=\"elementor-element elementor-element-71f2f50a elementor-widget elementor-widget-heading\" data-id=\"71f2f50a\" data-element_type=\"widget\" data-e-type=\"widget\" data-widget_type=\"heading.default\">\n\t\t\t\t<div class=\"elementor-widget-container\">\n\t\t\t\t\t<h1 class=\"elementor-heading-title elementor-size-default\">MACS<\/h1>\t\t\t\t<\/div>\n\t\t\t\t<\/div>\n\t\t\t\t<div class=\"elementor-element elementor-element-382e90a2 elementor-widget elementor-widget-text-editor\" data-id=\"382e90a2\" data-element_type=\"widget\" data-e-type=\"widget\" data-widget_type=\"text-editor.default\">\n\t\t\t\t<div class=\"elementor-widget-container\">\n\t\t\t\t\t\t\t\t\t<p><strong>MACS<\/strong> \u00e9 uma t\u00e9cnica que permite selecionar os espermatozoides com as melhores caracter\u00edsticas para serem utilizados nos tratamentos de reprodu\u00e7\u00e3o assistida.<\/p>\t\t\t\t\t\t\t\t<\/div>\n\t\t\t\t<\/div>\n\t\t\t\t<div class=\"elementor-element elementor-element-43f27240 btn-default elementor-mobile-align-center elementor-widget elementor-widget-button\" data-id=\"43f27240\" data-element_type=\"widget\" data-e-type=\"widget\" data-widget_type=\"button.default\">\n\t\t\t\t<div class=\"elementor-widget-container\">\n\t\t\t\t\t\t\t\t\t<div class=\"elementor-button-wrapper\">\n\t\t\t\t\t<a class=\"elementor-button elementor-button-link elementor-size-sm\" href=\"#mais-informacao\">\n\t\t\t\t\t\t<span class=\"elementor-button-content-wrapper\">\n\t\t\t\t\t\t\t\t\t<span class=\"elementor-button-text\">Mais informa\u00e7\u00e3o<\/span>\n\t\t\t\t\t<\/span>\n\t\t\t\t\t<\/a>\n\t\t\t\t<\/div>\n\t\t\t\t\t\t\t\t<\/div>\n\t\t\t\t<\/div>\n\t\t\t\t\t<\/div>\n\t\t<\/div>\n\t\t\t\t<div class=\"elementor-column elementor-col-50 elementor-inner-column elementor-element elementor-element-673551c6\" data-id=\"673551c6\" data-element_type=\"column\" data-e-type=\"column\">\n\t\t\t<div class=\"elementor-widget-wrap elementor-element-populated\">\n\t\t\t\t\t\t<div class=\"elementor-element elementor-element-726c74a8 elementor-widget elementor-widget-spacer\" data-id=\"726c74a8\" data-element_type=\"widget\" data-e-type=\"widget\" data-widget_type=\"spacer.default\">\n\t\t\t\t<div class=\"elementor-widget-container\">\n\t\t\t\t\t\t\t<div class=\"elementor-spacer\">\n\t\t\t<div class=\"elementor-spacer-inner\"><\/div>\n\t\t<\/div>\n\t\t\t\t\t\t<\/div>\n\t\t\t\t<\/div>\n\t\t\t\t\t<\/div>\n\t\t<\/div>\n\t\t\t\t\t<\/div>\n\t\t<\/section>\n\t\t\t\t\t<\/div>\n\t\t<\/div>\n\t\t\t\t\t<\/div>\n\t\t<\/section>\n\t\t\t\t<section class=\"elementor-section elementor-top-section elementor-element elementor-element-4ad7cb76 bw-breadcrumb elementor-hidden-mobile elementor-section-boxed elementor-section-height-default elementor-section-height-default\" data-id=\"4ad7cb76\" data-element_type=\"section\" data-e-type=\"section\" data-settings=\"{&quot;background_background&quot;:&quot;gradient&quot;}\">\n\t\t\t\t\t\t<div class=\"elementor-container elementor-column-gap-default\">\n\t\t\t\t\t<div class=\"elementor-column elementor-col-100 elementor-top-column elementor-element elementor-element-4472433c\" data-id=\"4472433c\" data-element_type=\"column\" data-e-type=\"column\">\n\t\t\t<div class=\"elementor-widget-wrap elementor-element-populated\">\n\t\t\t\t\t\t<div class=\"elementor-element elementor-element-51f44684 elementor-widget elementor-widget-wp-widget-bcn_widget\" data-id=\"51f44684\" data-element_type=\"widget\" data-e-type=\"widget\" data-widget_type=\"wp-widget-bcn_widget.default\">\n\t\t\t\t<div class=\"elementor-widget-container\">\n\t\t\t\t\t<div class=\"breadcrumbs\" vocab=\"https:\/\/schema.org\/\" typeof=\"BreadcrumbList\"><span property=\"itemListElement\" typeof=\"ListItem\"><a property=\"item\" typeof=\"WebPage\" title=\"Go to WeFIV.\" href=\"https:\/\/wefiv.com\/pt-br\/\" class=\"home\" ><span property=\"name\">WeFIV<\/span><\/a><meta property=\"position\" content=\"1\"><\/span> &gt; <span property=\"itemListElement\" typeof=\"ListItem\"><a property=\"item\" typeof=\"WebPage\" title=\"Go to Blog.\" href=\"https:\/\/wefiv.com\/blog\/\" class=\"post-root post post-post\" aria-current=\"page\"><span property=\"name\">Blog<\/span><\/a><meta property=\"position\" content=\"2\"><\/span><\/div>\t\t\t\t<\/div>\n\t\t\t\t<\/div>\n\t\t\t\t\t<\/div>\n\t\t<\/div>\n\t\t\t\t\t<\/div>\n\t\t<\/section>\n\t\t\t\t<section class=\"elementor-section elementor-top-section elementor-element elementor-element-b7a0ab0 elementor-section-boxed elementor-section-height-default elementor-section-height-default\" data-id=\"b7a0ab0\" data-element_type=\"section\" data-e-type=\"section\" id=\"mais-informacao\">\n\t\t\t\t\t\t<div class=\"elementor-container elementor-column-gap-default\">\n\t\t\t\t\t<div class=\"elementor-column elementor-col-100 elementor-top-column elementor-element elementor-element-ddba100\" data-id=\"ddba100\" data-element_type=\"column\" data-e-type=\"column\">\n\t\t\t<div class=\"elementor-widget-wrap elementor-element-populated\">\n\t\t\t\t\t\t<div class=\"elementor-element elementor-element-98bf0e6 elementor-widget elementor-widget-heading\" data-id=\"98bf0e6\" data-element_type=\"widget\" data-e-type=\"widget\" data-widget_type=\"heading.default\">\n\t\t\t\t<div class=\"elementor-widget-container\">\n\t\t\t\t\t<h2 class=\"elementor-heading-title elementor-size-default\">O que \u00e9 MACS?<\/h2>\t\t\t\t<\/div>\n\t\t\t\t<\/div>\n\t\t\t\t<div class=\"elementor-element elementor-element-ac522f6 elementor-widget elementor-widget-text-editor\" data-id=\"ac522f6\" data-element_type=\"widget\" data-e-type=\"widget\" data-widget_type=\"text-editor.default\">\n\t\t\t\t<div class=\"elementor-widget-container\">\n\t\t\t\t\t\t\t\t\t<p>A aplica\u00e7\u00e3o da sele\u00e7\u00e3o celular imunomagn\u00e9tica (MACS) permite separar espermatozoides saud\u00e1veis dos danificados h\u00e1 mais de 25 anos. Por meio dessa t\u00e9cnica, garantimos a sele\u00e7\u00e3o dos melhores espermatozoides para serem usados nos tratamentos de reprodu\u00e7\u00e3o assistida. Dessa forma, eliminamos os espermatozoides apopt\u00f3ticos, ou seja, aqueles destinados a morrer ou que podem causar problemas reprodutivos. Ao escolher os espermatozoides saud\u00e1veis, aumentamos consideravelmente a possibilidade de uma gravidez.<\/p>\t\t\t\t\t\t\t\t<\/div>\n\t\t\t\t<\/div>\n\t\t\t\t<div class=\"elementor-element elementor-element-dd0d9ae elementor-widget elementor-widget-heading\" data-id=\"dd0d9ae\" data-element_type=\"widget\" data-e-type=\"widget\" data-widget_type=\"heading.default\">\n\t\t\t\t<div class=\"elementor-widget-container\">\n\t\t\t\t\t<h2 class=\"elementor-heading-title elementor-size-default\">Para quais pacientes est\u00e1 indicada?\n<\/h2>\t\t\t\t<\/div>\n\t\t\t\t<\/div>\n\t\t\t\t<section class=\"elementor-section elementor-inner-section elementor-element elementor-element-d25886b elementor-section-boxed elementor-section-height-default elementor-section-height-default\" data-id=\"d25886b\" data-element_type=\"section\" data-e-type=\"section\">\n\t\t\t\t\t\t<div class=\"elementor-container elementor-column-gap-default\">\n\t\t\t\t\t<div class=\"elementor-column elementor-col-33 elementor-inner-column elementor-element elementor-element-f43c5e2\" data-id=\"f43c5e2\" data-element_type=\"column\" data-e-type=\"column\">\n\t\t\t<div class=\"elementor-widget-wrap elementor-element-populated\">\n\t\t\t\t\t\t<div class=\"elementor-element elementor-element-f6053ca elementor-widget elementor-widget-text-editor\" data-id=\"f6053ca\" data-element_type=\"widget\" data-e-type=\"widget\" data-widget_type=\"text-editor.default\">\n\t\t\t\t<div class=\"elementor-widget-container\">\n\t\t\t\t\t\t\t\t\t<ul><li>Para todas as pessoas que optam por recorrer ao tratamento de insemina\u00e7\u00e3o artificial.<\/li><\/ul>\t\t\t\t\t\t\t\t<\/div>\n\t\t\t\t<\/div>\n\t\t\t\t\t<\/div>\n\t\t<\/div>\n\t\t\t\t<div class=\"elementor-column elementor-col-33 elementor-inner-column elementor-element elementor-element-42f3d68\" data-id=\"42f3d68\" data-element_type=\"column\" data-e-type=\"column\">\n\t\t\t<div class=\"elementor-widget-wrap elementor-element-populated\">\n\t\t\t\t\t\t<div class=\"elementor-element elementor-element-8a3d0b5 elementor-widget elementor-widget-text-editor\" data-id=\"8a3d0b5\" data-element_type=\"widget\" data-e-type=\"widget\" data-widget_type=\"text-editor.default\">\n\t\t\t\t<div class=\"elementor-widget-container\">\n\t\t\t\t\t\t\t\t\t<ul><li aria-level=\"1\">Para pacientes inf\u00e9rteis com alta fragmenta\u00e7\u00e3o de DNA em seus espermatozoides.<\/li><\/ul>\t\t\t\t\t\t\t\t<\/div>\n\t\t\t\t<\/div>\n\t\t\t\t\t<\/div>\n\t\t<\/div>\n\t\t\t\t<div class=\"elementor-column elementor-col-33 elementor-inner-column elementor-element elementor-element-9490203\" data-id=\"9490203\" data-element_type=\"column\" data-e-type=\"column\">\n\t\t\t<div class=\"elementor-widget-wrap elementor-element-populated\">\n\t\t\t\t\t\t<div class=\"elementor-element elementor-element-9e1d389 elementor-widget elementor-widget-text-editor\" data-id=\"9e1d389\" data-element_type=\"widget\" data-e-type=\"widget\" data-widget_type=\"text-editor.default\">\n\t\t\t\t<div class=\"elementor-widget-container\">\n\t\t\t\t\t\t\t\t\t<ul><li aria-level=\"1\">Para pacientes que n\u00e3o obtiveram uma boa qualidade embrion\u00e1ria que n\u00e3o pode ser atribu\u00edda aos ov\u00f3citos.<\/li><\/ul>\t\t\t\t\t\t\t\t<\/div>\n\t\t\t\t<\/div>\n\t\t\t\t\t<\/div>\n\t\t<\/div>\n\t\t\t\t\t<\/div>\n\t\t<\/section>\n\t\t\t\t\t<\/div>\n\t\t<\/div>\n\t\t\t\t\t<\/div>\n\t\t<\/section>\n\t\t\t\t<section class=\"elementor-section elementor-top-section elementor-element elementor-element-365ca6d elementor-section-boxed elementor-section-height-default elementor-section-height-default\" data-id=\"365ca6d\" data-element_type=\"section\" data-e-type=\"section\">\n\t\t\t\t\t\t<div class=\"elementor-container elementor-column-gap-default\">\n\t\t\t\t\t<div class=\"elementor-column elementor-col-100 elementor-top-column elementor-element elementor-element-8b503c1\" data-id=\"8b503c1\" data-element_type=\"column\" data-e-type=\"column\">\n\t\t\t<div class=\"elementor-widget-wrap elementor-element-populated\">\n\t\t\t\t\t\t<div class=\"elementor-element elementor-element-5be7f650 elementor-widget elementor-widget-heading\" data-id=\"5be7f650\" data-element_type=\"widget\" data-e-type=\"widget\" data-widget_type=\"heading.default\">\n\t\t\t\t<div class=\"elementor-widget-container\">\n\t\t\t\t\t<h2 class=\"elementor-heading-title elementor-size-default\">Como \u00e9 o procedimento?\n<\/h2>\t\t\t\t<\/div>\n\t\t\t\t<\/div>\n\t\t\t\t<section class=\"elementor-section elementor-inner-section elementor-element elementor-element-a158853 elementor-section-boxed elementor-section-height-default elementor-section-height-default\" data-id=\"a158853\" data-element_type=\"section\" data-e-type=\"section\">\n\t\t\t\t\t\t<div class=\"elementor-container elementor-column-gap-default\">\n\t\t\t\t\t<div class=\"elementor-column elementor-col-33 elementor-inner-column elementor-element elementor-element-15915ca\" data-id=\"15915ca\" data-element_type=\"column\" data-e-type=\"column\">\n\t\t\t<div class=\"elementor-widget-wrap elementor-element-populated\">\n\t\t\t\t\t\t<div class=\"elementor-element elementor-element-a3f7a5b elementor-widget elementor-widget-text-editor\" data-id=\"a3f7a5b\" data-element_type=\"widget\" data-e-type=\"widget\" data-widget_type=\"text-editor.default\">\n\t\t\t\t<div class=\"elementor-widget-container\">\n\t\t\t\t\t\t\t\t\t<ul>\t<li>Para realizar a t\u00e9cnica <strong>MACS<\/strong>, \u00e9 necess\u00e1rio usar part\u00edculas magn\u00e9ticas biodegrad\u00e1veis min\u00fasculas, ligadas a um anticorpo (prote\u00edna anexina V), que tem a capacidade de reconhecer os espermatozoides que est\u00e3o prestes a morrer, ligando-se a eles e permitindo a separa\u00e7\u00e3o dos espermatozoides saud\u00e1veis.<\/li>\n<\/ul>\t\t\t\t\t\t\t\t<\/div>\n\t\t\t\t<\/div>\n\t\t\t\t\t<\/div>\n\t\t<\/div>\n\t\t\t\t<div class=\"elementor-column elementor-col-33 elementor-inner-column elementor-element elementor-element-b94046a\" data-id=\"b94046a\" data-element_type=\"column\" data-e-type=\"column\">\n\t\t\t<div class=\"elementor-widget-wrap elementor-element-populated\">\n\t\t\t\t\t\t<div class=\"elementor-element elementor-element-0d5f37f elementor-widget elementor-widget-text-editor\" data-id=\"0d5f37f\" data-element_type=\"widget\" data-e-type=\"widget\" data-widget_type=\"text-editor.default\">\n\t\t\t\t<div class=\"elementor-widget-container\">\n\t\t\t\t\t\t\t\t\t<ul> \t<li>Depois de adicionar as esferas com anexina V \u00e0 amostra de s\u00eamen, ela \u00e9 passada por umas colunas na presen\u00e7a de um pequeno campo magn\u00e9tico. Os espermatozoides apopt\u00f3ticos ficar\u00e3o retidos nas paredes da coluna, enquanto os saud\u00e1veis a atravessar\u00e3o por gravidade. Como resultado, os espermatozoides saud\u00e1veis ter\u00e3o as melhores qualidades fisiol\u00f3gicas, tornando-os ideais para serem utilizados em tratamentos de reprodu\u00e7\u00e3o assistida.<\/li>\n<\/ul>\t\t\t\t\t\t\t\t<\/div>\n\t\t\t\t<\/div>\n\t\t\t\t\t<\/div>\n\t\t<\/div>\n\t\t\t\t<div class=\"elementor-column elementor-col-33 elementor-inner-column elementor-element elementor-element-07fdcb4\" data-id=\"07fdcb4\" data-element_type=\"column\" data-e-type=\"column\">\n\t\t\t<div class=\"elementor-widget-wrap elementor-element-populated\">\n\t\t\t\t\t\t<div class=\"elementor-element elementor-element-4ae81b6 elementor-widget elementor-widget-text-editor\" data-id=\"4ae81b6\" data-element_type=\"widget\" data-e-type=\"widget\" data-widget_type=\"text-editor.default\">\n\t\t\t\t<div class=\"elementor-widget-container\">\n\t\t\t\t\t\t\t\t\t<ul>\t<li>Ap\u00f3s obter os espermatozoides saud\u00e1veis, o tratamento de reprodu\u00e7\u00e3o assistida \u00e9 realizado. Nossa cl\u00ednica acompanha todos os pacientes em todo o processo de fertiliza\u00e7\u00e3o com tecnologia de ponta, profissionalismo e aten\u00e7\u00e3o afetuosa. Para determinar qual tratamento e t\u00e9cnica se adapta a cada casal, realizamos um diagn\u00f3stico personalizado, investigando todos os fatores m\u00e9dicos relevantes e an\u00e1lises cl\u00ednicas recomendadas.<\/li>\n<\/ul>\t\t\t\t\t\t\t\t<\/div>\n\t\t\t\t<\/div>\n\t\t\t\t\t<\/div>\n\t\t<\/div>\n\t\t\t\t\t<\/div>\n\t\t<\/section>\n\t\t\t\t\t<\/div>\n\t\t<\/div>\n\t\t\t\t\t<\/div>\n\t\t<\/section>\n\t\t\t\t<\/div>\n\t\t","protected":false},"excerpt":{"rendered":"<p>MACS MACS \u00e9 uma t\u00e9cnica que permite selecionar os espermatozoides com as melhores caracter\u00edsticas para serem utilizados nos tratamentos de reprodu\u00e7\u00e3o assistida. Mais informa\u00e7\u00e3o O que \u00e9 MACS? A aplica\u00e7\u00e3o da sele\u00e7\u00e3o celular imunomagn\u00e9tica (MACS) permite separar espermatozoides saud\u00e1veis dos danificados h\u00e1 mais de 25 anos. Por meio dessa t\u00e9cnica, garantimos a sele\u00e7\u00e3o dos melhores [&hellip;]<\/p>\n","protected":false},"author":7,"featured_media":0,"parent":7795,"menu_order":0,"comment_status":"closed","ping_status":"closed","template":"elementor_header_footer","meta":{"_joinchat":[],"footnotes":""},"class_list":["post-7817","page","type-page","status-publish","hentry"],"yoast_head":"<!-- This site is optimized with the Yoast SEO plugin v27.2 - https:\/\/yoast.com\/product\/yoast-seo-wordpress\/ -->\n<title>MACS: Tratamentos de Fertilidade | WeFIV<\/title>\n<meta name=\"description\" content=\"O que \u00e9 o MACS e como ele funciona? Tratamentos de fertiliza\u00e7\u00e3o assistida, unidades e servi\u00e7os para homens e mulheres na Argentina.\" \/>\n<meta name=\"robots\" content=\"index, follow, max-snippet:-1, max-image-preview:large, max-video-preview:-1\" \/>\n<link rel=\"canonical\" href=\"https:\/\/wefiv.com\/pt-br\/tratamentos\/testes-tecnicas\/macs\/\" \/>\n<meta property=\"og:locale\" content=\"pt_BR\" \/>\n<meta property=\"og:type\" content=\"article\" \/>\n<meta property=\"og:title\" content=\"WeFIV - MACS\" \/>\n<meta property=\"og:description\" content=\"O que \u00e9 o MACS e como ele funciona? Tratamentos de fertiliza\u00e7\u00e3o assistida, unidades e servi\u00e7os para homens e mulheres na Argentina.\" \/>\n<meta property=\"og:url\" content=\"https:\/\/wefiv.com\/pt-br\/tratamentos\/testes-tecnicas\/macs\/\" \/>\n<meta property=\"og:site_name\" content=\"WeFIV\" \/>\n<meta property=\"article:publisher\" content=\"https:\/\/www.facebook.com\/WeFIV.Fertilidad\/\" \/>\n<meta property=\"article:modified_time\" content=\"2023-12-14T12:29:09+00:00\" \/>\n<meta property=\"og:image\" content=\"https:\/\/wefiv.com\/wp-content\/uploads\/2022\/11\/macs.png\" \/>\n\t<meta property=\"og:image:width\" content=\"400\" \/>\n\t<meta property=\"og:image:height\" content=\"401\" \/>\n\t<meta property=\"og:image:type\" content=\"image\/png\" \/>\n<meta name=\"twitter:card\" content=\"summary_large_image\" \/>\n<meta name=\"twitter:title\" content=\"WeFIV - MACS\" \/>\n<meta name=\"twitter:image\" content=\"https:\/\/wefiv.com\/wp-content\/uploads\/2022\/11\/macs.png\" \/>\n<meta name=\"twitter:site\" content=\"@WeFIV_Fertility\" \/>\n<meta name=\"twitter:label1\" content=\"Est. tempo de leitura\" \/>\n\t<meta name=\"twitter:data1\" content=\"2 minutos\" \/>\n<!-- \/ Yoast SEO plugin. -->","yoast_head_json":{"title":"MACS: Tratamentos de Fertilidade | WeFIV","description":"O que \u00e9 o MACS e como ele funciona? Tratamentos de fertiliza\u00e7\u00e3o assistida, unidades e servi\u00e7os para homens e mulheres na Argentina.","robots":{"index":"index","follow":"follow","max-snippet":"max-snippet:-1","max-image-preview":"max-image-preview:large","max-video-preview":"max-video-preview:-1"},"canonical":"https:\/\/wefiv.com\/pt-br\/tratamentos\/testes-tecnicas\/macs\/","og_locale":"pt_BR","og_type":"article","og_title":"WeFIV - MACS","og_description":"O que \u00e9 o MACS e como ele funciona? Tratamentos de fertiliza\u00e7\u00e3o assistida, unidades e servi\u00e7os para homens e mulheres na Argentina.","og_url":"https:\/\/wefiv.com\/pt-br\/tratamentos\/testes-tecnicas\/macs\/","og_site_name":"WeFIV","article_publisher":"https:\/\/www.facebook.com\/WeFIV.Fertilidad\/","article_modified_time":"2023-12-14T12:29:09+00:00","og_image":[{"width":400,"height":401,"url":"https:\/\/wefiv.com\/wp-content\/uploads\/2022\/11\/macs.png","type":"image\/png"}],"twitter_card":"summary_large_image","twitter_title":"WeFIV - MACS","twitter_image":"https:\/\/wefiv.com\/wp-content\/uploads\/2022\/11\/macs.png","twitter_site":"@WeFIV_Fertility","twitter_misc":{"Est. tempo de leitura":"2 minutos"},"schema":{"@context":"https:\/\/schema.org","@graph":[{"@type":"WebPage","@id":"https:\/\/wefiv.com\/pt-br\/tratamentos\/testes-tecnicas\/macs\/","url":"https:\/\/wefiv.com\/pt-br\/tratamentos\/testes-tecnicas\/macs\/","name":"MACS: Tratamentos de Fertilidade | WeFIV","isPartOf":{"@id":"https:\/\/wefiv.com\/pt-br\/#website"},"datePublished":"2021-03-30T14:39:00+00:00","dateModified":"2023-12-14T12:29:09+00:00","description":"O que \u00e9 o MACS e como ele funciona? Tratamentos de fertiliza\u00e7\u00e3o assistida, unidades e servi\u00e7os para homens e mulheres na Argentina.","breadcrumb":{"@id":"https:\/\/wefiv.com\/pt-br\/tratamentos\/testes-tecnicas\/macs\/#breadcrumb"},"inLanguage":"pt-BR","potentialAction":[{"@type":"ReadAction","target":["https:\/\/wefiv.com\/pt-br\/tratamentos\/testes-tecnicas\/macs\/"]}]},{"@type":"BreadcrumbList","@id":"https:\/\/wefiv.com\/pt-br\/tratamentos\/testes-tecnicas\/macs\/#breadcrumb","itemListElement":[{"@type":"ListItem","position":1,"name":"Tratamentos","item":"https:\/\/wefiv.com\/pt-br\/tratamientos\/"},{"@type":"ListItem","position":2,"name":"Testes e T\u00e9cnicas Complementares","item":"https:\/\/wefiv.com\/pt-br\/tratamientos\/tests-tecnicas\/"},{"@type":"ListItem","position":3,"name":"MACS"}]},{"@type":"WebSite","@id":"https:\/\/wefiv.com\/pt-br\/#website","url":"https:\/\/wefiv.com\/pt-br\/","name":"WeFIV","description":"Centro de fertilidad y reproducci\u00f3n asistida","publisher":{"@id":"https:\/\/wefiv.com\/pt-br\/#organization"},"potentialAction":[{"@type":"SearchAction","target":{"@type":"EntryPoint","urlTemplate":"https:\/\/wefiv.com\/pt-br\/?s={search_term_string}"},"query-input":{"@type":"PropertyValueSpecification","valueRequired":true,"valueName":"search_term_string"}}],"inLanguage":"pt-BR"},{"@type":"Organization","@id":"https:\/\/wefiv.com\/pt-br\/#organization","name":"WeFIV","url":"https:\/\/wefiv.com\/pt-br\/","logo":{"@type":"ImageObject","inLanguage":"pt-BR","@id":"https:\/\/wefiv.com\/pt-br\/#\/schema\/logo\/image\/","url":"https:\/\/wefiv.com\/wp-content\/uploads\/2022\/02\/logo-lanzamiento.png","contentUrl":"https:\/\/wefiv.com\/wp-content\/uploads\/2022\/02\/logo-lanzamiento.png","width":550,"height":110,"caption":"WeFIV"},"image":{"@id":"https:\/\/wefiv.com\/pt-br\/#\/schema\/logo\/image\/"},"sameAs":["https:\/\/www.facebook.com\/WeFIV.Fertilidad\/","https:\/\/x.com\/WeFIV_Fertility"]}]}},"_links":{"self":[{"href":"https:\/\/wefiv.com\/pt-br\/wp-json\/wp\/v2\/pages\/7817","targetHints":{"allow":["GET"]}}],"collection":[{"href":"https:\/\/wefiv.com\/pt-br\/wp-json\/wp\/v2\/pages"}],"about":[{"href":"https:\/\/wefiv.com\/pt-br\/wp-json\/wp\/v2\/types\/page"}],"author":[{"embeddable":true,"href":"https:\/\/wefiv.com\/pt-br\/wp-json\/wp\/v2\/users\/7"}],"replies":[{"embeddable":true,"href":"https:\/\/wefiv.com\/pt-br\/wp-json\/wp\/v2\/comments?post=7817"}],"version-history":[{"count":3,"href":"https:\/\/wefiv.com\/pt-br\/wp-json\/wp\/v2\/pages\/7817\/revisions"}],"predecessor-version":[{"id":7820,"href":"https:\/\/wefiv.com\/pt-br\/wp-json\/wp\/v2\/pages\/7817\/revisions\/7820"}],"up":[{"embeddable":true,"href":"https:\/\/wefiv.com\/pt-br\/wp-json\/wp\/v2\/pages\/7795"}],"wp:attachment":[{"href":"https:\/\/wefiv.com\/pt-br\/wp-json\/wp\/v2\/media?parent=7817"}],"curies":[{"name":"wp","href":"https:\/\/api.w.org\/{rel}","templated":true}]}}