{"id":7806,"date":"2021-03-30T10:11:09","date_gmt":"2021-03-30T13:11:09","guid":{"rendered":"https:\/\/wefiv.com\/tratamentos\/tests-tecnicas\/incubador-time-lapse\/"},"modified":"2026-02-13T07:31:53","modified_gmt":"2026-02-13T10:31:53","slug":"incubadora-time-lapse","status":"publish","type":"page","link":"https:\/\/wefiv.com\/pt-br\/tratamentos\/testes-tecnicas\/incubadora-time-lapse\/","title":{"rendered":"Incubadora Time &#8211; Lapse"},"content":{"rendered":"\t\t<div data-elementor-type=\"wp-page\" data-elementor-id=\"7806\" class=\"elementor elementor-7806 elementor-1103\" data-elementor-post-type=\"page\">\n\t\t\t\t\t\t<section class=\"elementor-section elementor-top-section elementor-element elementor-element-d36e7d5 elementor-section-height-min-height elementor-section-boxed elementor-section-height-default elementor-section-items-middle\" data-id=\"d36e7d5\" data-element_type=\"section\" data-e-type=\"section\" data-settings=\"{&quot;background_background&quot;:&quot;classic&quot;}\">\n\t\t\t\t\t\t<div class=\"elementor-container elementor-column-gap-default\">\n\t\t\t\t\t<div class=\"elementor-column elementor-col-100 elementor-top-column elementor-element elementor-element-6ea4c98e\" data-id=\"6ea4c98e\" data-element_type=\"column\" data-e-type=\"column\">\n\t\t\t<div class=\"elementor-widget-wrap elementor-element-populated\">\n\t\t\t\t\t\t<section class=\"elementor-section elementor-inner-section elementor-element elementor-element-47a5fc23 elementor-reverse-mobile elementor-section-boxed elementor-section-height-default elementor-section-height-default\" data-id=\"47a5fc23\" data-element_type=\"section\" data-e-type=\"section\">\n\t\t\t\t\t\t<div class=\"elementor-container elementor-column-gap-default\">\n\t\t\t\t\t<div class=\"elementor-column elementor-col-50 elementor-inner-column elementor-element elementor-element-4397c7a7\" data-id=\"4397c7a7\" data-element_type=\"column\" data-e-type=\"column\">\n\t\t\t<div class=\"elementor-widget-wrap elementor-element-populated\">\n\t\t\t\t\t\t<div class=\"elementor-element elementor-element-71f2f50a elementor-widget elementor-widget-heading\" data-id=\"71f2f50a\" data-element_type=\"widget\" data-e-type=\"widget\" data-widget_type=\"heading.default\">\n\t\t\t\t<div class=\"elementor-widget-container\">\n\t\t\t\t\t<h1 class=\"elementor-heading-title elementor-size-default\">Incubadora Time - Lapse<\/h1>\t\t\t\t<\/div>\n\t\t\t\t<\/div>\n\t\t\t\t<div class=\"elementor-element elementor-element-382e90a2 elementor-widget elementor-widget-text-editor\" data-id=\"382e90a2\" data-element_type=\"widget\" data-e-type=\"widget\" data-widget_type=\"text-editor.default\">\n\t\t\t\t<div class=\"elementor-widget-container\">\n\t\t\t\t\t\t\t\t\t<p><span style=\"font-weight: 400;\">Para os tratamentos de Fertiliza\u00e7\u00e3o In Vitro (FIV), utilizamos esta t\u00e9cnica para aumentar em 9% a taxa de gravidez em nossos pacientes.<\/span><\/p>\t\t\t\t\t\t\t\t<\/div>\n\t\t\t\t<\/div>\n\t\t\t\t<div class=\"elementor-element elementor-element-43f27240 btn-default elementor-mobile-align-center elementor-widget elementor-widget-button\" data-id=\"43f27240\" data-element_type=\"widget\" data-e-type=\"widget\" data-widget_type=\"button.default\">\n\t\t\t\t<div class=\"elementor-widget-container\">\n\t\t\t\t\t\t\t\t\t<div class=\"elementor-button-wrapper\">\n\t\t\t\t\t<a class=\"elementor-button elementor-button-link elementor-size-sm\" href=\"#que-es-la-vitrificacion-de-ovocitos\">\n\t\t\t\t\t\t<span class=\"elementor-button-content-wrapper\">\n\t\t\t\t\t\t\t\t\t<span class=\"elementor-button-text\">Mais informa\u00e7\u00e3o<\/span>\n\t\t\t\t\t<\/span>\n\t\t\t\t\t<\/a>\n\t\t\t\t<\/div>\n\t\t\t\t\t\t\t\t<\/div>\n\t\t\t\t<\/div>\n\t\t\t\t\t<\/div>\n\t\t<\/div>\n\t\t\t\t<div class=\"elementor-column elementor-col-50 elementor-inner-column elementor-element elementor-element-673551c6\" data-id=\"673551c6\" data-element_type=\"column\" data-e-type=\"column\">\n\t\t\t<div class=\"elementor-widget-wrap elementor-element-populated\">\n\t\t\t\t\t\t<div class=\"elementor-element elementor-element-726c74a8 elementor-widget elementor-widget-spacer\" data-id=\"726c74a8\" data-element_type=\"widget\" data-e-type=\"widget\" data-widget_type=\"spacer.default\">\n\t\t\t\t<div class=\"elementor-widget-container\">\n\t\t\t\t\t\t\t<div class=\"elementor-spacer\">\n\t\t\t<div class=\"elementor-spacer-inner\"><\/div>\n\t\t<\/div>\n\t\t\t\t\t\t<\/div>\n\t\t\t\t<\/div>\n\t\t\t\t\t<\/div>\n\t\t<\/div>\n\t\t\t\t\t<\/div>\n\t\t<\/section>\n\t\t\t\t\t<\/div>\n\t\t<\/div>\n\t\t\t\t\t<\/div>\n\t\t<\/section>\n\t\t\t\t<section class=\"elementor-section elementor-top-section elementor-element elementor-element-4ad7cb76 bw-breadcrumb elementor-hidden-mobile elementor-section-boxed elementor-section-height-default elementor-section-height-default\" data-id=\"4ad7cb76\" data-element_type=\"section\" data-e-type=\"section\" data-settings=\"{&quot;background_background&quot;:&quot;gradient&quot;}\">\n\t\t\t\t\t\t<div class=\"elementor-container elementor-column-gap-default\">\n\t\t\t\t\t<div class=\"elementor-column elementor-col-100 elementor-top-column elementor-element elementor-element-4472433c\" data-id=\"4472433c\" data-element_type=\"column\" data-e-type=\"column\">\n\t\t\t<div class=\"elementor-widget-wrap elementor-element-populated\">\n\t\t\t\t\t\t<div class=\"elementor-element elementor-element-51f44684 elementor-widget elementor-widget-wp-widget-bcn_widget\" data-id=\"51f44684\" data-element_type=\"widget\" data-e-type=\"widget\" data-widget_type=\"wp-widget-bcn_widget.default\">\n\t\t\t\t<div class=\"elementor-widget-container\">\n\t\t\t\t\t<div class=\"breadcrumbs\" vocab=\"https:\/\/schema.org\/\" typeof=\"BreadcrumbList\"><span property=\"itemListElement\" typeof=\"ListItem\"><a property=\"item\" typeof=\"WebPage\" title=\"Go to WeFIV.\" href=\"https:\/\/wefiv.com\/pt-br\/\" class=\"home\" ><span property=\"name\">WeFIV<\/span><\/a><meta property=\"position\" content=\"1\"><\/span> &gt; <span property=\"itemListElement\" typeof=\"ListItem\"><a property=\"item\" typeof=\"WebPage\" title=\"Go to Blog.\" href=\"https:\/\/wefiv.com\/blog\/\" class=\"post-root post post-post\" aria-current=\"page\"><span property=\"name\">Blog<\/span><\/a><meta property=\"position\" content=\"2\"><\/span><\/div>\t\t\t\t<\/div>\n\t\t\t\t<\/div>\n\t\t\t\t\t<\/div>\n\t\t<\/div>\n\t\t\t\t\t<\/div>\n\t\t<\/section>\n\t\t\t\t<section class=\"elementor-section elementor-top-section elementor-element elementor-element-b7a0ab0 elementor-section-boxed elementor-section-height-default elementor-section-height-default\" data-id=\"b7a0ab0\" data-element_type=\"section\" data-e-type=\"section\" id=\"que-es-la-vitrificacion-de-ovocitos\">\n\t\t\t\t\t\t<div class=\"elementor-container elementor-column-gap-default\">\n\t\t\t\t\t<div class=\"elementor-column elementor-col-100 elementor-top-column elementor-element elementor-element-ddba100\" data-id=\"ddba100\" data-element_type=\"column\" data-e-type=\"column\">\n\t\t\t<div class=\"elementor-widget-wrap elementor-element-populated\">\n\t\t\t\t\t\t<div class=\"elementor-element elementor-element-2943a1b elementor-widget elementor-widget-heading\" data-id=\"2943a1b\" data-element_type=\"widget\" data-e-type=\"widget\" data-widget_type=\"heading.default\">\n\t\t\t\t<div class=\"elementor-widget-container\">\n\t\t\t\t\t<h2 class=\"elementor-heading-title elementor-size-default\">O que \u00e9 Incubadora Time-Lapse?<\/h2>\t\t\t\t<\/div>\n\t\t\t\t<\/div>\n\t\t\t\t<div class=\"elementor-element elementor-element-ac522f6 elementor-widget elementor-widget-text-editor\" data-id=\"ac522f6\" data-element_type=\"widget\" data-e-type=\"widget\" data-widget_type=\"text-editor.default\">\n\t\t\t\t<div class=\"elementor-widget-container\">\n\t\t\t\t\t\t\t\t\t<p>A incubadora Time-Lapse analisa a evolu\u00e7\u00e3o do embri\u00e3o e o ritmo da divis\u00e3o celular. Isso nos permite melhorar a sele\u00e7\u00e3o embrion\u00e1ria e fornecer um registro de crescimento a partir de v\u00eddeos e imagens. Essa tecnologia, conhecida como Time-Lapse, permite otimizar as condi\u00e7\u00f5es de cultivo dos embri\u00f5es e obter informa\u00e7\u00f5es precisas para realizar a sele\u00e7\u00e3o dos embri\u00f5es com maior potencial de implanta\u00e7\u00e3o, aumentando assim as chances de gravidez.<\/p>\t\t\t\t\t\t\t\t<\/div>\n\t\t\t\t<\/div>\n\t\t\t\t<div class=\"elementor-element elementor-element-dd0d9ae elementor-widget elementor-widget-heading\" data-id=\"dd0d9ae\" data-element_type=\"widget\" data-e-type=\"widget\" data-widget_type=\"heading.default\">\n\t\t\t\t<div class=\"elementor-widget-container\">\n\t\t\t\t\t<h2 class=\"elementor-heading-title elementor-size-default\">Quais s\u00e3o os benef\u00edcios?<\/h2>\t\t\t\t<\/div>\n\t\t\t\t<\/div>\n\t\t\t\t<section class=\"elementor-section elementor-inner-section elementor-element elementor-element-d25886b elementor-section-boxed elementor-section-height-default elementor-section-height-default\" data-id=\"d25886b\" data-element_type=\"section\" data-e-type=\"section\">\n\t\t\t\t\t\t<div class=\"elementor-container elementor-column-gap-default\">\n\t\t\t\t\t<div class=\"elementor-column elementor-col-25 elementor-inner-column elementor-element elementor-element-f43c5e2\" data-id=\"f43c5e2\" data-element_type=\"column\" data-e-type=\"column\">\n\t\t\t<div class=\"elementor-widget-wrap elementor-element-populated\">\n\t\t\t\t\t\t<div class=\"elementor-element elementor-element-03aea56 elementor-widget elementor-widget-text-editor\" data-id=\"03aea56\" data-element_type=\"widget\" data-e-type=\"widget\" data-widget_type=\"text-editor.default\">\n\t\t\t\t<div class=\"elementor-widget-container\">\n\t\t\t\t\t\t\t\t\t<ul><li><b>Maior possibilidade<\/b><b> de conseguir uma gravidez: <\/b>com este m\u00e9todo, \u00e9 escolhido o embri\u00e3o com maiores chances de implanta\u00e7\u00e3o e o momento adequado para a transfer\u00eancia ao \u00fatero materno \u00e9 definido com mais precis\u00e3o.<\/li><\/ul>\t\t\t\t\t\t\t\t<\/div>\n\t\t\t\t<\/div>\n\t\t\t\t\t<\/div>\n\t\t<\/div>\n\t\t\t\t<div class=\"elementor-column elementor-col-25 elementor-inner-column elementor-element elementor-element-42f3d68\" data-id=\"42f3d68\" data-element_type=\"column\" data-e-type=\"column\">\n\t\t\t<div class=\"elementor-widget-wrap elementor-element-populated\">\n\t\t\t\t\t\t<div class=\"elementor-element elementor-element-8a3d0b5 elementor-widget elementor-widget-text-editor\" data-id=\"8a3d0b5\" data-element_type=\"widget\" data-e-type=\"widget\" data-widget_type=\"text-editor.default\">\n\t\t\t\t<div class=\"elementor-widget-container\">\n\t\t\t\t\t\t\t\t\t<ul><li><b>Menor risco de manipula\u00e7\u00e3o embrion\u00e1ria: <\/b>acompanhar o embri\u00e3o permite observar suas caracter\u00edsticas morfol\u00f3gicas sem coloc\u00e1-lo em risco. Dessa forma, o risco de estresse ambiental \u00e9 reduzido e h\u00e1 maior probabilidade de gesta\u00e7\u00e3o.<\/li><\/ul>\t\t\t\t\t\t\t\t<\/div>\n\t\t\t\t<\/div>\n\t\t\t\t\t<\/div>\n\t\t<\/div>\n\t\t\t\t<div class=\"elementor-column elementor-col-25 elementor-inner-column elementor-element elementor-element-9490203\" data-id=\"9490203\" data-element_type=\"column\" data-e-type=\"column\">\n\t\t\t<div class=\"elementor-widget-wrap elementor-element-populated\">\n\t\t\t\t\t\t<div class=\"elementor-element elementor-element-574b861 elementor-widget elementor-widget-text-editor\" data-id=\"574b861\" data-element_type=\"widget\" data-e-type=\"widget\" data-widget_type=\"text-editor.default\">\n\t\t\t\t<div class=\"elementor-widget-container\">\n\t\t\t\t\t\t\t\t\t<ul><li><b>Menos tentativas para alcan\u00e7ar a gravidez:<\/b> o tempo de espera at\u00e9 alcan\u00e7ar a gravidez \u00e9 reduzido, assim como o n\u00famero de tentativas. Isso demonstra a efetividade do tratamento em encurtar efetivamente o tempo at\u00e9 a gravidez.<\/li><\/ul>\t\t\t\t\t\t\t\t<\/div>\n\t\t\t\t<\/div>\n\t\t\t\t\t<\/div>\n\t\t<\/div>\n\t\t\t\t<div class=\"elementor-column elementor-col-25 elementor-inner-column elementor-element elementor-element-53ea656\" data-id=\"53ea656\" data-element_type=\"column\" data-e-type=\"column\">\n\t\t\t<div class=\"elementor-widget-wrap elementor-element-populated\">\n\t\t\t\t\t\t<div class=\"elementor-element elementor-element-0226cf6 elementor-widget elementor-widget-text-editor\" data-id=\"0226cf6\" data-element_type=\"widget\" data-e-type=\"widget\" data-widget_type=\"text-editor.default\">\n\t\t\t\t<div class=\"elementor-widget-container\">\n\t\t\t\t\t\t\t\t\t<ul><li><b>Registro visual do desenvolvimento embrion\u00e1rio:<\/b> ser\u00e1 poss\u00edvel realizar, gra\u00e7as a incubadora, um acompanhamento cinematogr\u00e1fico para gerar um registro visual, a fim de ter a lembran\u00e7a da evolu\u00e7\u00e3o do futuro beb\u00ea at\u00e9 o momento da transfer\u00eancia.<\/li><\/ul>\t\t\t\t\t\t\t\t<\/div>\n\t\t\t\t<\/div>\n\t\t\t\t\t<\/div>\n\t\t<\/div>\n\t\t\t\t\t<\/div>\n\t\t<\/section>\n\t\t\t\t<div class=\"elementor-element elementor-element-a0ce180 elementor-widget elementor-widget-heading\" data-id=\"a0ce180\" data-element_type=\"widget\" data-e-type=\"widget\" data-widget_type=\"heading.default\">\n\t\t\t\t<div class=\"elementor-widget-container\">\n\t\t\t\t\t<h2 class=\"elementor-heading-title elementor-size-default\">Para quem \u00e9 indicado?<\/h2>\t\t\t\t<\/div>\n\t\t\t\t<\/div>\n\t\t\t\t<div class=\"elementor-element elementor-element-81069c2 elementor-widget elementor-widget-text-editor\" data-id=\"81069c2\" data-element_type=\"widget\" data-e-type=\"widget\" data-widget_type=\"text-editor.default\">\n\t\t\t\t<div class=\"elementor-widget-container\">\n\t\t\t\t\t\t\t\t\t<p>Para todos os pacientes que desejam realizar tratamentos de reprodu\u00e7\u00e3o assistida em nossos centros. Aqueles pacientes com um maior n\u00famero de embri\u00f5es t\u00eam um maior benef\u00edcio, uma vez que nossos especialistas podem comparar v\u00e1rios embri\u00f5es e analisar cuidadosamente qual \u00e9 a melhor sele\u00e7\u00e3o.<\/p>\t\t\t\t\t\t\t\t<\/div>\n\t\t\t\t<\/div>\n\t\t\t\t\t<\/div>\n\t\t<\/div>\n\t\t\t\t\t<\/div>\n\t\t<\/section>\n\t\t\t\t<section class=\"elementor-section elementor-top-section elementor-element elementor-element-365ca6d elementor-section-boxed elementor-section-height-default elementor-section-height-default\" data-id=\"365ca6d\" data-element_type=\"section\" data-e-type=\"section\">\n\t\t\t\t\t\t<div class=\"elementor-container elementor-column-gap-default\">\n\t\t\t\t\t<div class=\"elementor-column elementor-col-100 elementor-top-column elementor-element elementor-element-8b503c1\" data-id=\"8b503c1\" data-element_type=\"column\" data-e-type=\"column\">\n\t\t\t<div class=\"elementor-widget-wrap elementor-element-populated\">\n\t\t\t\t\t\t<div class=\"elementor-element elementor-element-5be7f650 elementor-widget elementor-widget-heading\" data-id=\"5be7f650\" data-element_type=\"widget\" data-e-type=\"widget\" data-widget_type=\"heading.default\">\n\t\t\t\t<div class=\"elementor-widget-container\">\n\t\t\t\t\t<h2 class=\"elementor-heading-title elementor-size-default\">O que \u00e9 a sele\u00e7\u00e3o embrion\u00e1ria?\n<\/h2>\t\t\t\t<\/div>\n\t\t\t\t<\/div>\n\t\t\t\t<section class=\"elementor-section elementor-inner-section elementor-element elementor-element-a158853 elementor-section-boxed elementor-section-height-default elementor-section-height-default\" data-id=\"a158853\" data-element_type=\"section\" data-e-type=\"section\">\n\t\t\t\t\t\t<div class=\"elementor-container elementor-column-gap-default\">\n\t\t\t\t\t<div class=\"elementor-column elementor-col-33 elementor-inner-column elementor-element elementor-element-15915ca\" data-id=\"15915ca\" data-element_type=\"column\" data-e-type=\"column\">\n\t\t\t<div class=\"elementor-widget-wrap elementor-element-populated\">\n\t\t\t\t\t\t<div class=\"elementor-element elementor-element-a3f7a5b elementor-widget elementor-widget-text-editor\" data-id=\"a3f7a5b\" data-element_type=\"widget\" data-e-type=\"widget\" data-widget_type=\"text-editor.default\">\n\t\t\t\t<div class=\"elementor-widget-container\">\n\t\t\t\t\t\t\t\t\t<p>A sele\u00e7\u00e3o embrion\u00e1ria \u00e9 um processo utilizado na reprodu\u00e7\u00e3o assistida para determinar e selecionar, entre todos os embri\u00f5es gerados, aqueles de maior qualidade para a implanta\u00e7\u00e3o. \u00c9 um m\u00e9todo r\u00e1pido e n\u00e3o invasivo, mas apresenta a desvantagem da subjetividade, uma vez que n\u00e3o \u00e9 poss\u00edvel padronizar a sele\u00e7\u00e3o.<\/p>\t\t\t\t\t\t\t\t<\/div>\n\t\t\t\t<\/div>\n\t\t\t\t\t<\/div>\n\t\t<\/div>\n\t\t\t\t<div class=\"elementor-column elementor-col-33 elementor-inner-column elementor-element elementor-element-b94046a\" data-id=\"b94046a\" data-element_type=\"column\" data-e-type=\"column\">\n\t\t\t<div class=\"elementor-widget-wrap elementor-element-populated\">\n\t\t\t\t\t\t<div class=\"elementor-element elementor-element-0d5f37f elementor-widget elementor-widget-text-editor\" data-id=\"0d5f37f\" data-element_type=\"widget\" data-e-type=\"widget\" data-widget_type=\"text-editor.default\">\n\t\t\t\t<div class=\"elementor-widget-container\">\n\t\t\t\t\t\t\t\t\t<p>No entanto, \u00e9 extremamente importante contar com profissionais especializados e capacitados, como no WeFIV, para avaliar corretamente a compet\u00eancia embrion\u00e1ria. Gra\u00e7as \u00e0 tecnologia Time-Lapse, podemos coletar uma maior quantidade de informa\u00e7\u00e3o de cada embri\u00e3o. Isso nos permite poder implementar diferentes estrat\u00e9gias de sele\u00e7\u00e3o para determinar qual \u00e9 o melhor embri\u00e3o para a implanta\u00e7\u00e3o e, consequentemente, aumentar as chances de gravidez.<\/p>\t\t\t\t\t\t\t\t<\/div>\n\t\t\t\t<\/div>\n\t\t\t\t\t<\/div>\n\t\t<\/div>\n\t\t\t\t<div class=\"elementor-column elementor-col-33 elementor-inner-column elementor-element elementor-element-07fdcb4\" data-id=\"07fdcb4\" data-element_type=\"column\" data-e-type=\"column\">\n\t\t\t<div class=\"elementor-widget-wrap elementor-element-populated\">\n\t\t\t\t\t\t<div class=\"elementor-element elementor-element-4ae81b6 elementor-widget elementor-widget-text-editor\" data-id=\"4ae81b6\" data-element_type=\"widget\" data-e-type=\"widget\" data-widget_type=\"text-editor.default\">\n\t\t\t\t<div class=\"elementor-widget-container\">\n\t\t\t\t\t\t\t\t\t<p>A incorpora\u00e7\u00e3o dessas tecnologias na sele\u00e7\u00e3o embrion\u00e1ria otimiza os resultados obtidos, pois podemos identificar em tempo real como a evolu\u00e7\u00e3o est\u00e1 ocorrendo e determinar se \u00e9 o momento adequado para realizar a implanta\u00e7\u00e3o. Al\u00e9m disso, \u00e9 mais f\u00e1cil identificar os embri\u00f5es com maior potencial reprodutivo, o que leva a uma menor quantidade de tentativas para alcan\u00e7ar a gravidez.<\/p>\t\t\t\t\t\t\t\t<\/div>\n\t\t\t\t<\/div>\n\t\t\t\t\t<\/div>\n\t\t<\/div>\n\t\t\t\t\t<\/div>\n\t\t<\/section>\n\t\t\t\t\t<\/div>\n\t\t<\/div>\n\t\t\t\t\t<\/div>\n\t\t<\/section>\n\t\t\t\t<section class=\"elementor-section elementor-top-section elementor-element elementor-element-71a695fb elementor-hidden-desktop elementor-hidden-tablet elementor-section-boxed elementor-section-height-default elementor-section-height-default\" data-id=\"71a695fb\" data-element_type=\"section\" data-e-type=\"section\">\n\t\t\t\t\t\t<div class=\"elementor-container elementor-column-gap-default\">\n\t\t\t\t\t<div class=\"elementor-column elementor-col-100 elementor-top-column elementor-element elementor-element-7acc2751 bmd-carrousel\" data-id=\"7acc2751\" data-element_type=\"column\" data-e-type=\"column\">\n\t\t\t<div class=\"elementor-widget-wrap\">\n\t\t\t\t\t\t\t<\/div>\n\t\t<\/div>\n\t\t\t\t\t<\/div>\n\t\t<\/section>\n\t\t\t\t<\/div>\n\t\t","protected":false},"excerpt":{"rendered":"<p>Incubadora Time &#8211; Lapse Para os tratamentos de Fertiliza\u00e7\u00e3o In Vitro (FIV), utilizamos esta t\u00e9cnica para aumentar em 9% a taxa de gravidez em nossos pacientes. Mais informa\u00e7\u00e3o O que \u00e9 Incubadora Time-Lapse? A incubadora Time-Lapse analisa a evolu\u00e7\u00e3o do embri\u00e3o e o ritmo da divis\u00e3o celular. Isso nos permite melhorar a sele\u00e7\u00e3o embrion\u00e1ria e [&hellip;]<\/p>\n","protected":false},"author":7,"featured_media":0,"parent":7795,"menu_order":0,"comment_status":"closed","ping_status":"closed","template":"elementor_header_footer","meta":{"_joinchat":[],"footnotes":""},"class_list":["post-7806","page","type-page","status-publish","hentry"],"yoast_head":"<!-- This site is optimized with the Yoast SEO plugin v27.2 - https:\/\/yoast.com\/product\/yoast-seo-wordpress\/ -->\n<title>Incubadora Time\u2011Lapse: Tecnologia para Embri\u00f5es | WeFIV<\/title>\n<meta name=\"description\" content=\"Conhe\u00e7a a incubadora Time\u2011Lapse da WeFIV, tecnologia que permite acompanhar o desenvolvimento embrion\u00e1rio e aprimorar a sele\u00e7\u00e3o de embri\u00f5es\" \/>\n<meta name=\"robots\" content=\"index, follow, max-snippet:-1, max-image-preview:large, max-video-preview:-1\" \/>\n<link rel=\"canonical\" href=\"https:\/\/wefiv.com\/pt-br\/tratamentos\/testes-tecnicas\/incubadora-time-lapse\/\" \/>\n<meta property=\"og:locale\" content=\"pt_BR\" \/>\n<meta property=\"og:type\" content=\"article\" \/>\n<meta property=\"og:title\" content=\"WeFIV - Incubador Time - Lapse\" \/>\n<meta property=\"og:description\" content=\"Conhe\u00e7a a incubadora Time\u2011Lapse da WeFIV, tecnologia que permite acompanhar o desenvolvimento embrion\u00e1rio e aprimorar a sele\u00e7\u00e3o de embri\u00f5es\" \/>\n<meta property=\"og:url\" content=\"https:\/\/wefiv.com\/pt-br\/tratamentos\/testes-tecnicas\/incubadora-time-lapse\/\" \/>\n<meta property=\"og:site_name\" content=\"WeFIV\" \/>\n<meta property=\"article:publisher\" content=\"https:\/\/www.facebook.com\/WeFIV.Fertilidad\/\" \/>\n<meta property=\"article:modified_time\" content=\"2026-02-13T10:31:53+00:00\" \/>\n<meta property=\"og:image\" content=\"https:\/\/wefiv.com\/wp-content\/uploads\/2022\/11\/timelapse.png\" \/>\n\t<meta property=\"og:image:width\" content=\"400\" \/>\n\t<meta property=\"og:image:height\" content=\"401\" \/>\n\t<meta property=\"og:image:type\" content=\"image\/png\" \/>\n<meta name=\"twitter:card\" content=\"summary_large_image\" \/>\n<meta name=\"twitter:title\" content=\"WeFIV - Incubador Time - Lapse\" \/>\n<meta name=\"twitter:image\" content=\"https:\/\/wefiv.com\/wp-content\/uploads\/2022\/11\/timelapse.png\" \/>\n<meta name=\"twitter:site\" content=\"@WeFIV_Fertility\" \/>\n<meta name=\"twitter:label1\" content=\"Est. tempo de leitura\" \/>\n\t<meta name=\"twitter:data1\" content=\"3 minutos\" \/>\n<!-- \/ Yoast SEO plugin. -->","yoast_head_json":{"title":"Incubadora Time\u2011Lapse: Tecnologia para Embri\u00f5es | WeFIV","description":"Conhe\u00e7a a incubadora Time\u2011Lapse da WeFIV, tecnologia que permite acompanhar o desenvolvimento embrion\u00e1rio e aprimorar a sele\u00e7\u00e3o de embri\u00f5es","robots":{"index":"index","follow":"follow","max-snippet":"max-snippet:-1","max-image-preview":"max-image-preview:large","max-video-preview":"max-video-preview:-1"},"canonical":"https:\/\/wefiv.com\/pt-br\/tratamentos\/testes-tecnicas\/incubadora-time-lapse\/","og_locale":"pt_BR","og_type":"article","og_title":"WeFIV - Incubador Time - Lapse","og_description":"Conhe\u00e7a a incubadora Time\u2011Lapse da WeFIV, tecnologia que permite acompanhar o desenvolvimento embrion\u00e1rio e aprimorar a sele\u00e7\u00e3o de embri\u00f5es","og_url":"https:\/\/wefiv.com\/pt-br\/tratamentos\/testes-tecnicas\/incubadora-time-lapse\/","og_site_name":"WeFIV","article_publisher":"https:\/\/www.facebook.com\/WeFIV.Fertilidad\/","article_modified_time":"2026-02-13T10:31:53+00:00","og_image":[{"width":400,"height":401,"url":"https:\/\/wefiv.com\/wp-content\/uploads\/2022\/11\/timelapse.png","type":"image\/png"}],"twitter_card":"summary_large_image","twitter_title":"WeFIV - Incubador Time - Lapse","twitter_image":"https:\/\/wefiv.com\/wp-content\/uploads\/2022\/11\/timelapse.png","twitter_site":"@WeFIV_Fertility","twitter_misc":{"Est. tempo de leitura":"3 minutos"},"schema":{"@context":"https:\/\/schema.org","@graph":[{"@type":"WebPage","@id":"https:\/\/wefiv.com\/pt-br\/tratamentos\/testes-tecnicas\/incubadora-time-lapse\/","url":"https:\/\/wefiv.com\/pt-br\/tratamentos\/testes-tecnicas\/incubadora-time-lapse\/","name":"Incubadora Time\u2011Lapse: Tecnologia para Embri\u00f5es | WeFIV","isPartOf":{"@id":"https:\/\/wefiv.com\/pt-br\/#website"},"datePublished":"2021-03-30T13:11:09+00:00","dateModified":"2026-02-13T10:31:53+00:00","description":"Conhe\u00e7a a incubadora Time\u2011Lapse da WeFIV, tecnologia que permite acompanhar o desenvolvimento embrion\u00e1rio e aprimorar a sele\u00e7\u00e3o de embri\u00f5es","breadcrumb":{"@id":"https:\/\/wefiv.com\/pt-br\/tratamentos\/testes-tecnicas\/incubadora-time-lapse\/#breadcrumb"},"inLanguage":"pt-BR","potentialAction":[{"@type":"ReadAction","target":["https:\/\/wefiv.com\/pt-br\/tratamentos\/testes-tecnicas\/incubadora-time-lapse\/"]}]},{"@type":"BreadcrumbList","@id":"https:\/\/wefiv.com\/pt-br\/tratamentos\/testes-tecnicas\/incubadora-time-lapse\/#breadcrumb","itemListElement":[{"@type":"ListItem","position":1,"name":"Tratamentos","item":"https:\/\/wefiv.com\/pt-br\/tratamientos\/"},{"@type":"ListItem","position":2,"name":"Testes e T\u00e9cnicas Complementares","item":"https:\/\/wefiv.com\/pt-br\/tratamientos\/tests-tecnicas\/"},{"@type":"ListItem","position":3,"name":"Incubadora Time &#8211; Lapse"}]},{"@type":"WebSite","@id":"https:\/\/wefiv.com\/pt-br\/#website","url":"https:\/\/wefiv.com\/pt-br\/","name":"WeFIV","description":"Centro de fertilidad y reproducci\u00f3n asistida","publisher":{"@id":"https:\/\/wefiv.com\/pt-br\/#organization"},"potentialAction":[{"@type":"SearchAction","target":{"@type":"EntryPoint","urlTemplate":"https:\/\/wefiv.com\/pt-br\/?s={search_term_string}"},"query-input":{"@type":"PropertyValueSpecification","valueRequired":true,"valueName":"search_term_string"}}],"inLanguage":"pt-BR"},{"@type":"Organization","@id":"https:\/\/wefiv.com\/pt-br\/#organization","name":"WeFIV","url":"https:\/\/wefiv.com\/pt-br\/","logo":{"@type":"ImageObject","inLanguage":"pt-BR","@id":"https:\/\/wefiv.com\/pt-br\/#\/schema\/logo\/image\/","url":"https:\/\/wefiv.com\/wp-content\/uploads\/2022\/02\/logo-lanzamiento.png","contentUrl":"https:\/\/wefiv.com\/wp-content\/uploads\/2022\/02\/logo-lanzamiento.png","width":550,"height":110,"caption":"WeFIV"},"image":{"@id":"https:\/\/wefiv.com\/pt-br\/#\/schema\/logo\/image\/"},"sameAs":["https:\/\/www.facebook.com\/WeFIV.Fertilidad\/","https:\/\/x.com\/WeFIV_Fertility"]}]}},"_links":{"self":[{"href":"https:\/\/wefiv.com\/pt-br\/wp-json\/wp\/v2\/pages\/7806","targetHints":{"allow":["GET"]}}],"collection":[{"href":"https:\/\/wefiv.com\/pt-br\/wp-json\/wp\/v2\/pages"}],"about":[{"href":"https:\/\/wefiv.com\/pt-br\/wp-json\/wp\/v2\/types\/page"}],"author":[{"embeddable":true,"href":"https:\/\/wefiv.com\/pt-br\/wp-json\/wp\/v2\/users\/7"}],"replies":[{"embeddable":true,"href":"https:\/\/wefiv.com\/pt-br\/wp-json\/wp\/v2\/comments?post=7806"}],"version-history":[{"count":3,"href":"https:\/\/wefiv.com\/pt-br\/wp-json\/wp\/v2\/pages\/7806\/revisions"}],"predecessor-version":[{"id":7811,"href":"https:\/\/wefiv.com\/pt-br\/wp-json\/wp\/v2\/pages\/7806\/revisions\/7811"}],"up":[{"embeddable":true,"href":"https:\/\/wefiv.com\/pt-br\/wp-json\/wp\/v2\/pages\/7795"}],"wp:attachment":[{"href":"https:\/\/wefiv.com\/pt-br\/wp-json\/wp\/v2\/media?parent=7806"}],"curies":[{"name":"wp","href":"https:\/\/api.w.org\/{rel}","templated":true}]}}