{"id":7523,"date":"2021-05-19T20:19:02","date_gmt":"2021-05-19T23:19:02","guid":{"rendered":"https:\/\/wefiv.com\/servicos\/cirugia-ambulatoria\/"},"modified":"2026-02-13T07:30:25","modified_gmt":"2026-02-13T10:30:25","slug":"cirurgia-ambulatorial","status":"publish","type":"page","link":"https:\/\/wefiv.com\/pt-br\/servicos\/cirurgia-ambulatorial\/","title":{"rendered":"Cirurgia Ambulatorial"},"content":{"rendered":"\t\t<div data-elementor-type=\"wp-page\" data-elementor-id=\"7523\" class=\"elementor elementor-7523 elementor-1291\" data-elementor-post-type=\"page\">\n\t\t\t\t\t\t<section class=\"elementor-section elementor-top-section elementor-element elementor-element-1e180020 elementor-section-height-min-height elementor-section-boxed elementor-section-height-default elementor-section-items-middle\" data-id=\"1e180020\" data-element_type=\"section\" data-e-type=\"section\" data-settings=\"{&quot;background_background&quot;:&quot;classic&quot;}\">\n\t\t\t\t\t\t<div class=\"elementor-container elementor-column-gap-default\">\n\t\t\t\t\t<div class=\"elementor-column elementor-col-100 elementor-top-column elementor-element elementor-element-75789f3f\" data-id=\"75789f3f\" data-element_type=\"column\" data-e-type=\"column\">\n\t\t\t<div class=\"elementor-widget-wrap elementor-element-populated\">\n\t\t\t\t\t\t<section class=\"elementor-section elementor-inner-section elementor-element elementor-element-216662ff elementor-reverse-mobile elementor-section-boxed elementor-section-height-default elementor-section-height-default\" data-id=\"216662ff\" data-element_type=\"section\" data-e-type=\"section\">\n\t\t\t\t\t\t<div class=\"elementor-container elementor-column-gap-default\">\n\t\t\t\t\t<div class=\"elementor-column elementor-col-50 elementor-inner-column elementor-element elementor-element-3c46fbc2\" data-id=\"3c46fbc2\" data-element_type=\"column\" data-e-type=\"column\">\n\t\t\t<div class=\"elementor-widget-wrap elementor-element-populated\">\n\t\t\t\t\t\t<div class=\"elementor-element elementor-element-10346cd elementor-widget elementor-widget-heading\" data-id=\"10346cd\" data-element_type=\"widget\" data-e-type=\"widget\" data-widget_type=\"heading.default\">\n\t\t\t\t<div class=\"elementor-widget-container\">\n\t\t\t\t\t<h1 class=\"elementor-heading-title elementor-size-default\">Cirurgia Ambulatorial\n<\/h1>\t\t\t\t<\/div>\n\t\t\t\t<\/div>\n\t\t\t\t<div class=\"elementor-element elementor-element-6c82dab4 elementor-widget elementor-widget-text-editor\" data-id=\"6c82dab4\" data-element_type=\"widget\" data-e-type=\"widget\" data-widget_type=\"text-editor.default\">\n\t\t\t\t<div class=\"elementor-widget-container\">\n\t\t\t\t\t\t\t\t\t<p><span style=\"font-weight: 400;\">No<\/span><b> WeFIV <\/b><span style=\"font-weight: 400;\">temos a Unidade de Cirurgia Ambulatorial para que nossos pacientes possam realizar a recupera\u00e7\u00e3o das interven\u00e7\u00f5es no conforto de seu lar.<\/span><\/p>\t\t\t\t\t\t\t\t<\/div>\n\t\t\t\t<\/div>\n\t\t\t\t<div class=\"elementor-element elementor-element-b048c29 btn-default elementor-mobile-align-center elementor-widget elementor-widget-button\" data-id=\"b048c29\" data-element_type=\"widget\" data-e-type=\"widget\" data-widget_type=\"button.default\">\n\t\t\t\t<div class=\"elementor-widget-container\">\n\t\t\t\t\t\t\t\t\t<div class=\"elementor-button-wrapper\">\n\t\t\t\t\t<a class=\"elementor-button elementor-button-link elementor-size-sm\" href=\"#mas-informacion1\">\n\t\t\t\t\t\t<span class=\"elementor-button-content-wrapper\">\n\t\t\t\t\t\t\t\t\t<span class=\"elementor-button-text\">Mais informa\u00e7\u00e3o<\/span>\n\t\t\t\t\t<\/span>\n\t\t\t\t\t<\/a>\n\t\t\t\t<\/div>\n\t\t\t\t\t\t\t\t<\/div>\n\t\t\t\t<\/div>\n\t\t\t\t\t<\/div>\n\t\t<\/div>\n\t\t\t\t<div class=\"elementor-column elementor-col-50 elementor-inner-column elementor-element elementor-element-18dcd9a1\" data-id=\"18dcd9a1\" data-element_type=\"column\" data-e-type=\"column\">\n\t\t\t<div class=\"elementor-widget-wrap elementor-element-populated\">\n\t\t\t\t\t\t<div class=\"elementor-element elementor-element-5551a829 elementor-widget elementor-widget-spacer\" data-id=\"5551a829\" data-element_type=\"widget\" data-e-type=\"widget\" data-widget_type=\"spacer.default\">\n\t\t\t\t<div class=\"elementor-widget-container\">\n\t\t\t\t\t\t\t<div class=\"elementor-spacer\">\n\t\t\t<div class=\"elementor-spacer-inner\"><\/div>\n\t\t<\/div>\n\t\t\t\t\t\t<\/div>\n\t\t\t\t<\/div>\n\t\t\t\t\t<\/div>\n\t\t<\/div>\n\t\t\t\t\t<\/div>\n\t\t<\/section>\n\t\t\t\t\t<\/div>\n\t\t<\/div>\n\t\t\t\t\t<\/div>\n\t\t<\/section>\n\t\t\t\t<section class=\"elementor-section elementor-top-section elementor-element elementor-element-6786edd2 bw-breadcrumb elementor-hidden-mobile elementor-section-boxed elementor-section-height-default elementor-section-height-default\" data-id=\"6786edd2\" data-element_type=\"section\" data-e-type=\"section\" id=\"mas-informacion\" data-settings=\"{&quot;background_background&quot;:&quot;gradient&quot;}\">\n\t\t\t\t\t\t<div class=\"elementor-container elementor-column-gap-default\">\n\t\t\t\t\t<div class=\"elementor-column elementor-col-100 elementor-top-column elementor-element elementor-element-671b23e3\" data-id=\"671b23e3\" data-element_type=\"column\" data-e-type=\"column\">\n\t\t\t<div class=\"elementor-widget-wrap elementor-element-populated\">\n\t\t\t\t\t\t<div class=\"elementor-element elementor-element-33e2128f elementor-widget elementor-widget-wp-widget-bcn_widget\" data-id=\"33e2128f\" data-element_type=\"widget\" data-e-type=\"widget\" data-widget_type=\"wp-widget-bcn_widget.default\">\n\t\t\t\t<div class=\"elementor-widget-container\">\n\t\t\t\t\t<div class=\"breadcrumbs\" vocab=\"https:\/\/schema.org\/\" typeof=\"BreadcrumbList\"><span property=\"itemListElement\" typeof=\"ListItem\"><a property=\"item\" typeof=\"WebPage\" title=\"Go to WeFIV.\" href=\"https:\/\/wefiv.com\/pt-br\/\" class=\"home\" ><span property=\"name\">WeFIV<\/span><\/a><meta property=\"position\" content=\"1\"><\/span> &gt; <span property=\"itemListElement\" typeof=\"ListItem\"><a property=\"item\" typeof=\"WebPage\" title=\"Go to Blog.\" href=\"https:\/\/wefiv.com\/blog\/\" class=\"post-root post post-post\" aria-current=\"page\"><span property=\"name\">Blog<\/span><\/a><meta property=\"position\" content=\"2\"><\/span><\/div>\t\t\t\t<\/div>\n\t\t\t\t<\/div>\n\t\t\t\t\t<\/div>\n\t\t<\/div>\n\t\t\t\t\t<\/div>\n\t\t<\/section>\n\t\t\t\t<section class=\"elementor-section elementor-top-section elementor-element elementor-element-67b1ddea elementor-section-boxed elementor-section-height-default elementor-section-height-default\" data-id=\"67b1ddea\" data-element_type=\"section\" data-e-type=\"section\" id=\"mas-informacion1\">\n\t\t\t\t\t\t<div class=\"elementor-container elementor-column-gap-default\">\n\t\t\t\t\t<div class=\"elementor-column elementor-col-100 elementor-top-column elementor-element elementor-element-71021429\" data-id=\"71021429\" data-element_type=\"column\" data-e-type=\"column\">\n\t\t\t<div class=\"elementor-widget-wrap elementor-element-populated\">\n\t\t\t\t\t\t<div class=\"elementor-element elementor-element-3b3e8b78 elementor-widget elementor-widget-heading\" data-id=\"3b3e8b78\" data-element_type=\"widget\" data-e-type=\"widget\" data-widget_type=\"heading.default\">\n\t\t\t\t<div class=\"elementor-widget-container\">\n\t\t\t\t\t<h2 class=\"elementor-heading-title elementor-size-default\">Quais s\u00e3o as diferen\u00e7as entre a<br> Cirurgia Convencional e a Cirurgia Ambulatorial? \n<\/h2>\t\t\t\t<\/div>\n\t\t\t\t<\/div>\n\t\t\t\t<div class=\"elementor-element elementor-element-7164b5de elementor-widget elementor-widget-heading\" data-id=\"7164b5de\" data-element_type=\"widget\" data-e-type=\"widget\" data-widget_type=\"heading.default\">\n\t\t\t\t<div class=\"elementor-widget-container\">\n\t\t\t\t\t<h4 class=\"elementor-heading-title elementor-size-default\">Normalmente, a palavra \"cirurgia\" \u00e9 associada a hospitaliza\u00e7\u00e3o e a um longo per\u00edodo de recupera\u00e7\u00e3o. No entanto, nos \u00faltimos anos, os avan\u00e7os tecnol\u00f3gicos e a implementa\u00e7\u00e3o de novas t\u00e9cnicas nas interven\u00e7\u00f5es cir\u00fargicas t\u00eam dado lugar \u00e0 Cirurgia Ambulatorial. Ao contr\u00e1rio das cirurgias convencionais, essas interven\u00e7\u00f5es s\u00e3o realizadas por meio de t\u00e9cnicas minimamente invasivas e n\u00e3o \u00e9 necess\u00e1rio que o paciente fique internado por mais do que algumas horas, o que reduz significativamente o risco de contrair infec\u00e7\u00f5es hospitalares. Os principais benef\u00edcios desses procedimentos em rela\u00e7\u00e3o \u00e0 Cirurgia Convencional s\u00e3o que, mantendo a efic\u00e1cia e a seguran\u00e7a da interven\u00e7\u00e3o, o trauma causado pela cirurgia \u00e9 reduzido, permitindo que o paciente retorne para casa e retome suas atividades cotidianas em pouco tempo.\n<\/h4>\t\t\t\t<\/div>\n\t\t\t\t<\/div>\n\t\t\t\t<section class=\"elementor-section elementor-inner-section elementor-element elementor-element-3a607e25 elementor-hidden-phone elementor-section-boxed elementor-section-height-default elementor-section-height-default\" data-id=\"3a607e25\" data-element_type=\"section\" data-e-type=\"section\">\n\t\t\t\t\t\t<div class=\"elementor-container elementor-column-gap-default\">\n\t\t\t\t\t<div class=\"elementor-column elementor-col-33 elementor-inner-column elementor-element elementor-element-24d4f7e9\" data-id=\"24d4f7e9\" data-element_type=\"column\" data-e-type=\"column\">\n\t\t\t<div class=\"elementor-widget-wrap elementor-element-populated\">\n\t\t\t\t\t\t<div class=\"elementor-element elementor-element-5bb04e92 elementor-widget elementor-widget-text-editor\" data-id=\"5bb04e92\" data-element_type=\"widget\" data-e-type=\"widget\" data-widget_type=\"text-editor.default\">\n\t\t\t\t<div class=\"elementor-widget-container\">\n\t\t\t\t\t\t\t\t\t<h3><strong>Que servi\u00e7os oferece a Unidade de Cirurgia Ambulatorial?<\/strong><\/h3><p style=\"text-align: left;\"><span style=\"font-weight: 400;\">Nossa Unidade realiza uma avalia\u00e7\u00e3o personalizada e abrangente da patologia de cada paciente e, de acordo com isso, indica o tratamento que deve ser realizado. De um modo geral, as interven\u00e7\u00f5es realizadas est\u00e3o relacionadas a problemas ginecol\u00f3gicos e urol\u00f3gicos.<\/span><\/p>\t\t\t\t\t\t\t\t<\/div>\n\t\t\t\t<\/div>\n\t\t\t\t\t<\/div>\n\t\t<\/div>\n\t\t\t\t<div class=\"elementor-column elementor-col-33 elementor-inner-column elementor-element elementor-element-50f62cff\" data-id=\"50f62cff\" data-element_type=\"column\" data-e-type=\"column\">\n\t\t\t<div class=\"elementor-widget-wrap elementor-element-populated\">\n\t\t\t\t\t\t<div class=\"elementor-element elementor-element-7603696d elementor-widget elementor-widget-text-editor\" data-id=\"7603696d\" data-element_type=\"widget\" data-e-type=\"widget\" data-widget_type=\"text-editor.default\">\n\t\t\t\t<div class=\"elementor-widget-container\">\n\t\t\t\t\t\t\t\t\t<h3><strong>Na Mulher<\/strong><\/h3>\n<span style=\"font-weight: 400;\">Miomas no \u00fatero<\/span>\n<span style=\"font-weight: 400;\">Cistos de ov\u00e1rios<\/span>\n<span style=\"font-weight: 400;\">Endometriose<\/span>\n<br>\n<span style=\"font-weight: 400;\">Malforma\u00e7\u00f5es uterinas<\/span>\n<br>\n<span style=\"font-weight: 400;\">Doen\u00e7as das trompas<\/span>\n<br>\n<span style=\"font-weight: 400;\">Problemas na cavidade endometrial<\/span>\n<br>\n<span style=\"font-weight: 400;\">Ligadura tub\u00e1ria<\/span>\t\t\t\t\t\t\t\t<\/div>\n\t\t\t\t<\/div>\n\t\t\t\t\t<\/div>\n\t\t<\/div>\n\t\t\t\t<div class=\"elementor-column elementor-col-33 elementor-inner-column elementor-element elementor-element-1e9f892f\" data-id=\"1e9f892f\" data-element_type=\"column\" data-e-type=\"column\">\n\t\t\t<div class=\"elementor-widget-wrap elementor-element-populated\">\n\t\t\t\t\t\t<div class=\"elementor-element elementor-element-1b1a1e77 elementor-widget elementor-widget-text-editor\" data-id=\"1b1a1e77\" data-element_type=\"widget\" data-e-type=\"widget\" data-widget_type=\"text-editor.default\">\n\t\t\t\t<div class=\"elementor-widget-container\">\n\t\t\t\t\t\t\t\t\t<h3><strong>No Homem<\/strong><\/h3>\n<span style=\"font-weight: 400;\">Bi\u00f3psia de test\u00edculo<\/span>\n<br>\n<span style=\"font-weight: 400;\">Vasectomia<\/span>\n<br>\n<span style=\"font-weight: 400;\">Fimose<\/span>\n<br>\n<span style=\"font-weight: 400;\">Outras patologias como varicocele, hidrocele e criptorquidia, entre outras.<\/span>\t\t\t\t\t\t\t\t<\/div>\n\t\t\t\t<\/div>\n\t\t\t\t\t<\/div>\n\t\t<\/div>\n\t\t\t\t\t<\/div>\n\t\t<\/section>\n\t\t\t\t<div class=\"elementor-element elementor-element-1e5d153 elementor-widget elementor-widget-heading\" data-id=\"1e5d153\" data-element_type=\"widget\" data-e-type=\"widget\" data-widget_type=\"heading.default\">\n\t\t\t\t<div class=\"elementor-widget-container\">\n\t\t\t\t\t<h4 class=\"elementor-heading-title elementor-size-default\">\u00c9 importante mencionar que, depois de realizada a interven\u00e7\u00e3o na cl\u00ednica especializada em que o paciente se encontra, durante as horas em que o paciente permanece na institui\u00e7\u00e3o, ele recebe acompanhamento constante tanto da equipe m\u00e9dica quanto da enfermagem, at\u00e9 receber alta. No WeFIV contamos com tecnologia de ponta e a melhor equipe de profissionais para garantir um atendimento integral, personalizado e de qualidade.\n<\/h4>\t\t\t\t<\/div>\n\t\t\t\t<\/div>\n\t\t\t\t<section class=\"elementor-section elementor-inner-section elementor-element elementor-element-4cd33468 elementor-hidden-tablet elementor-hidden-desktop elementor-section-boxed elementor-section-height-default elementor-section-height-default\" data-id=\"4cd33468\" data-element_type=\"section\" data-e-type=\"section\">\n\t\t\t\t\t\t<div class=\"elementor-container elementor-column-gap-default\">\n\t\t\t\t\t<div class=\"elementor-column elementor-col-100 elementor-inner-column elementor-element elementor-element-70cedcbe\" data-id=\"70cedcbe\" data-element_type=\"column\" data-e-type=\"column\">\n\t\t\t<div class=\"elementor-widget-wrap elementor-element-populated\">\n\t\t\t\t\t\t<div class=\"elementor-element elementor-element-33714ee1 elementor-widget elementor-widget-toggle\" data-id=\"33714ee1\" data-element_type=\"widget\" data-e-type=\"widget\" data-widget_type=\"toggle.default\">\n\t\t\t\t<div class=\"elementor-widget-container\">\n\t\t\t\t\t\t\t<div class=\"elementor-toggle\">\n\t\t\t\t\t\t\t<div class=\"elementor-toggle-item\">\n\t\t\t\t\t<div id=\"elementor-tab-title-8631\" class=\"elementor-tab-title\" data-tab=\"1\" role=\"button\" aria-controls=\"elementor-tab-content-8631\" aria-expanded=\"false\">\n\t\t\t\t\t\t\t\t\t\t\t\t<span class=\"elementor-toggle-icon elementor-toggle-icon-right\" aria-hidden=\"true\">\n\t\t\t\t\t\t\t\t\t\t\t\t\t\t\t<span class=\"elementor-toggle-icon-closed\"><i class=\"fas fa-caret-down\"><\/i><\/span>\n\t\t\t\t\t\t\t\t<span class=\"elementor-toggle-icon-opened\"><i class=\"elementor-toggle-icon-opened fas fa-caret-up\"><\/i><\/span>\n\t\t\t\t\t\t\t\t\t\t\t\t\t<\/span>\n\t\t\t\t\t\t\t\t\t\t\t\t<a class=\"elementor-toggle-title\" tabindex=\"0\">Que servi\u00e7os oferece a Unidade de Cirurgia Ambulatorial?<\/a>\n\t\t\t\t\t<\/div>\n\n\t\t\t\t\t<div id=\"elementor-tab-content-8631\" class=\"elementor-tab-content elementor-clearfix\" data-tab=\"1\" role=\"region\" aria-labelledby=\"elementor-tab-title-8631\"><p><span style=\"font-weight: 400;\">Nossa Unidade realiza uma avalia\u00e7\u00e3o personalizada e abrangente da patologia de cada paciente e, de acordo com isso, indica o tratamento que deve ser realizado. De um modo geral, as interven\u00e7\u00f5es realizadas est\u00e3o relacionadas a problemas ginecol\u00f3gicos e urol\u00f3gicos.<\/span><\/p><\/div>\n\t\t\t\t<\/div>\n\t\t\t\t\t\t\t<div class=\"elementor-toggle-item\">\n\t\t\t\t\t<div id=\"elementor-tab-title-8632\" class=\"elementor-tab-title\" data-tab=\"2\" role=\"button\" aria-controls=\"elementor-tab-content-8632\" aria-expanded=\"false\">\n\t\t\t\t\t\t\t\t\t\t\t\t<span class=\"elementor-toggle-icon elementor-toggle-icon-right\" aria-hidden=\"true\">\n\t\t\t\t\t\t\t\t\t\t\t\t\t\t\t<span class=\"elementor-toggle-icon-closed\"><i class=\"fas fa-caret-down\"><\/i><\/span>\n\t\t\t\t\t\t\t\t<span class=\"elementor-toggle-icon-opened\"><i class=\"elementor-toggle-icon-opened fas fa-caret-up\"><\/i><\/span>\n\t\t\t\t\t\t\t\t\t\t\t\t\t<\/span>\n\t\t\t\t\t\t\t\t\t\t\t\t<a class=\"elementor-toggle-title\" tabindex=\"0\">Na Mulher<\/a>\n\t\t\t\t\t<\/div>\n\n\t\t\t\t\t<div id=\"elementor-tab-content-8632\" class=\"elementor-tab-content elementor-clearfix\" data-tab=\"2\" role=\"region\" aria-labelledby=\"elementor-tab-title-8632\"><span style=\"font-weight: 400;\">Miomas no \u00fatero<\/span>\n<br>\n<span style=\"font-weight: 400;\">Cistos de ov\u00e1rios<\/span>\n<br>\n<span style=\"font-weight: 400;\">Endometriose<\/span>\n<br>\n<span style=\"font-weight: 400;\">Malforma\u00e7\u00f5es uterinas<\/span>\n<br>\n<span style=\"font-weight: 400;\">Doen\u00e7as das trompas<\/span>\n<br>\n<span style=\"font-weight: 400;\">Problemas na cavidade endometrial<\/span>\n\n<span style=\"font-weight: 400;\">Ligadura tub\u00e1ria<\/span><\/div>\n\t\t\t\t<\/div>\n\t\t\t\t\t\t\t<div class=\"elementor-toggle-item\">\n\t\t\t\t\t<div id=\"elementor-tab-title-8633\" class=\"elementor-tab-title\" data-tab=\"3\" role=\"button\" aria-controls=\"elementor-tab-content-8633\" aria-expanded=\"false\">\n\t\t\t\t\t\t\t\t\t\t\t\t<span class=\"elementor-toggle-icon elementor-toggle-icon-right\" aria-hidden=\"true\">\n\t\t\t\t\t\t\t\t\t\t\t\t\t\t\t<span class=\"elementor-toggle-icon-closed\"><i class=\"fas fa-caret-down\"><\/i><\/span>\n\t\t\t\t\t\t\t\t<span class=\"elementor-toggle-icon-opened\"><i class=\"elementor-toggle-icon-opened fas fa-caret-up\"><\/i><\/span>\n\t\t\t\t\t\t\t\t\t\t\t\t\t<\/span>\n\t\t\t\t\t\t\t\t\t\t\t\t<a class=\"elementor-toggle-title\" tabindex=\"0\">No Homem<\/a>\n\t\t\t\t\t<\/div>\n\n\t\t\t\t\t<div id=\"elementor-tab-content-8633\" class=\"elementor-tab-content elementor-clearfix\" data-tab=\"3\" role=\"region\" aria-labelledby=\"elementor-tab-title-8633\">Bi\u00f3psia de test\u00edculo<br>\nVasectomia<br>\nFimose<br>\nOutras patologias como varicocele, hidrocele e criptorquidia, entre outras.\n<\/div>\n\t\t\t\t<\/div>\n\t\t\t\t\t\t\t\t<\/div>\n\t\t\t\t\t\t<\/div>\n\t\t\t\t<\/div>\n\t\t\t\t\t<\/div>\n\t\t<\/div>\n\t\t\t\t\t<\/div>\n\t\t<\/section>\n\t\t\t\t\t<\/div>\n\t\t<\/div>\n\t\t\t\t\t<\/div>\n\t\t<\/section>\n\t\t\t\t<\/div>\n\t\t","protected":false},"excerpt":{"rendered":"<p>Cirurgia Ambulatorial No WeFIV temos a Unidade de Cirurgia Ambulatorial para que nossos pacientes possam realizar a recupera\u00e7\u00e3o das interven\u00e7\u00f5es no conforto de seu lar. Mais informa\u00e7\u00e3o Quais s\u00e3o as diferen\u00e7as entre a Cirurgia Convencional e a Cirurgia Ambulatorial? Normalmente, a palavra &#8220;cirurgia&#8221; \u00e9 associada a hospitaliza\u00e7\u00e3o e a um longo per\u00edodo de recupera\u00e7\u00e3o. No [&hellip;]<\/p>\n","protected":false},"author":7,"featured_media":0,"parent":7511,"menu_order":0,"comment_status":"closed","ping_status":"closed","template":"elementor_header_footer","meta":{"_joinchat":[],"footnotes":""},"class_list":["post-7523","page","type-page","status-publish","hentry"],"yoast_head":"<!-- This site is optimized with the Yoast SEO plugin v27.2 - https:\/\/yoast.com\/product\/yoast-seo-wordpress\/ -->\n<title>Cirurgia Ambulatorial: Procedimentos Seguros e \u00c1geis | WeFIV<\/title>\n<meta name=\"description\" content=\"Como funciona a unidade de Cirurgia Ambulatorial? Procedimentos de cirurgia ambulatorial e interven\u00e7\u00e3o cir\u00fargica para homens e mulheres na Argentina.\" \/>\n<meta name=\"robots\" content=\"index, follow, max-snippet:-1, max-image-preview:large, max-video-preview:-1\" \/>\n<link rel=\"canonical\" href=\"https:\/\/wefiv.com\/pt-br\/servicos\/cirurgia-ambulatorial\/\" \/>\n<meta property=\"og:locale\" content=\"pt_BR\" \/>\n<meta property=\"og:type\" content=\"article\" \/>\n<meta property=\"og:title\" content=\"WeFIV - Cirug\u00eda\" \/>\n<meta property=\"og:description\" content=\"Como funciona a unidade de Cirurgia Ambulatorial? Procedimentos de cirurgia ambulatorial e interven\u00e7\u00e3o cir\u00fargica para homens e mulheres na Argentina.\" \/>\n<meta property=\"og:url\" content=\"https:\/\/wefiv.com\/pt-br\/servicos\/cirurgia-ambulatorial\/\" \/>\n<meta property=\"og:site_name\" content=\"WeFIV\" \/>\n<meta property=\"article:publisher\" content=\"https:\/\/www.facebook.com\/WeFIV.Fertilidad\/\" \/>\n<meta property=\"article:modified_time\" content=\"2026-02-13T10:30:25+00:00\" \/>\n<meta property=\"og:image\" content=\"https:\/\/wefiv.com\/wp-content\/uploads\/2022\/11\/cirugia.png\" \/>\n\t<meta property=\"og:image:width\" content=\"400\" \/>\n\t<meta property=\"og:image:height\" content=\"401\" \/>\n\t<meta property=\"og:image:type\" content=\"image\/png\" \/>\n<meta name=\"twitter:card\" content=\"summary_large_image\" \/>\n<meta name=\"twitter:title\" content=\"WeFIV - Cirug\u00eda\" \/>\n<meta name=\"twitter:image\" content=\"https:\/\/wefiv.com\/wp-content\/uploads\/2022\/11\/cirugia.png\" \/>\n<meta name=\"twitter:site\" content=\"@WeFIV_Fertility\" \/>\n<meta name=\"twitter:label1\" content=\"Est. tempo de leitura\" \/>\n\t<meta name=\"twitter:data1\" content=\"2 minutos\" \/>\n<!-- \/ Yoast SEO plugin. -->","yoast_head_json":{"title":"Cirurgia Ambulatorial: Procedimentos Seguros e \u00c1geis | WeFIV","description":"Como funciona a unidade de Cirurgia Ambulatorial? Procedimentos de cirurgia ambulatorial e interven\u00e7\u00e3o cir\u00fargica para homens e mulheres na Argentina.","robots":{"index":"index","follow":"follow","max-snippet":"max-snippet:-1","max-image-preview":"max-image-preview:large","max-video-preview":"max-video-preview:-1"},"canonical":"https:\/\/wefiv.com\/pt-br\/servicos\/cirurgia-ambulatorial\/","og_locale":"pt_BR","og_type":"article","og_title":"WeFIV - Cirug\u00eda","og_description":"Como funciona a unidade de Cirurgia Ambulatorial? Procedimentos de cirurgia ambulatorial e interven\u00e7\u00e3o cir\u00fargica para homens e mulheres na Argentina.","og_url":"https:\/\/wefiv.com\/pt-br\/servicos\/cirurgia-ambulatorial\/","og_site_name":"WeFIV","article_publisher":"https:\/\/www.facebook.com\/WeFIV.Fertilidad\/","article_modified_time":"2026-02-13T10:30:25+00:00","og_image":[{"width":400,"height":401,"url":"https:\/\/wefiv.com\/wp-content\/uploads\/2022\/11\/cirugia.png","type":"image\/png"}],"twitter_card":"summary_large_image","twitter_title":"WeFIV - Cirug\u00eda","twitter_image":"https:\/\/wefiv.com\/wp-content\/uploads\/2022\/11\/cirugia.png","twitter_site":"@WeFIV_Fertility","twitter_misc":{"Est. tempo de leitura":"2 minutos"},"schema":{"@context":"https:\/\/schema.org","@graph":[{"@type":"WebPage","@id":"https:\/\/wefiv.com\/pt-br\/servicos\/cirurgia-ambulatorial\/","url":"https:\/\/wefiv.com\/pt-br\/servicos\/cirurgia-ambulatorial\/","name":"Cirurgia Ambulatorial: Procedimentos Seguros e \u00c1geis | WeFIV","isPartOf":{"@id":"https:\/\/wefiv.com\/pt-br\/#website"},"datePublished":"2021-05-19T23:19:02+00:00","dateModified":"2026-02-13T10:30:25+00:00","description":"Como funciona a unidade de Cirurgia Ambulatorial? Procedimentos de cirurgia ambulatorial e interven\u00e7\u00e3o cir\u00fargica para homens e mulheres na Argentina.","breadcrumb":{"@id":"https:\/\/wefiv.com\/pt-br\/servicos\/cirurgia-ambulatorial\/#breadcrumb"},"inLanguage":"pt-BR","potentialAction":[{"@type":"ReadAction","target":["https:\/\/wefiv.com\/pt-br\/servicos\/cirurgia-ambulatorial\/"]}]},{"@type":"BreadcrumbList","@id":"https:\/\/wefiv.com\/pt-br\/servicos\/cirurgia-ambulatorial\/#breadcrumb","itemListElement":[{"@type":"ListItem","position":1,"name":"Servi\u00e7os","item":"https:\/\/wefiv.com\/pt-br\/servicos\/"},{"@type":"ListItem","position":2,"name":"Cirurgia Ambulatorial"}]},{"@type":"WebSite","@id":"https:\/\/wefiv.com\/pt-br\/#website","url":"https:\/\/wefiv.com\/pt-br\/","name":"WeFIV","description":"Centro de fertilidad y reproducci\u00f3n asistida","publisher":{"@id":"https:\/\/wefiv.com\/pt-br\/#organization"},"potentialAction":[{"@type":"SearchAction","target":{"@type":"EntryPoint","urlTemplate":"https:\/\/wefiv.com\/pt-br\/?s={search_term_string}"},"query-input":{"@type":"PropertyValueSpecification","valueRequired":true,"valueName":"search_term_string"}}],"inLanguage":"pt-BR"},{"@type":"Organization","@id":"https:\/\/wefiv.com\/pt-br\/#organization","name":"WeFIV","url":"https:\/\/wefiv.com\/pt-br\/","logo":{"@type":"ImageObject","inLanguage":"pt-BR","@id":"https:\/\/wefiv.com\/pt-br\/#\/schema\/logo\/image\/","url":"https:\/\/wefiv.com\/wp-content\/uploads\/2022\/02\/logo-lanzamiento.png","contentUrl":"https:\/\/wefiv.com\/wp-content\/uploads\/2022\/02\/logo-lanzamiento.png","width":550,"height":110,"caption":"WeFIV"},"image":{"@id":"https:\/\/wefiv.com\/pt-br\/#\/schema\/logo\/image\/"},"sameAs":["https:\/\/www.facebook.com\/WeFIV.Fertilidad\/","https:\/\/x.com\/WeFIV_Fertility"]}]}},"_links":{"self":[{"href":"https:\/\/wefiv.com\/pt-br\/wp-json\/wp\/v2\/pages\/7523","targetHints":{"allow":["GET"]}}],"collection":[{"href":"https:\/\/wefiv.com\/pt-br\/wp-json\/wp\/v2\/pages"}],"about":[{"href":"https:\/\/wefiv.com\/pt-br\/wp-json\/wp\/v2\/types\/page"}],"author":[{"embeddable":true,"href":"https:\/\/wefiv.com\/pt-br\/wp-json\/wp\/v2\/users\/7"}],"replies":[{"embeddable":true,"href":"https:\/\/wefiv.com\/pt-br\/wp-json\/wp\/v2\/comments?post=7523"}],"version-history":[{"count":3,"href":"https:\/\/wefiv.com\/pt-br\/wp-json\/wp\/v2\/pages\/7523\/revisions"}],"predecessor-version":[{"id":14307,"href":"https:\/\/wefiv.com\/pt-br\/wp-json\/wp\/v2\/pages\/7523\/revisions\/14307"}],"up":[{"embeddable":true,"href":"https:\/\/wefiv.com\/pt-br\/wp-json\/wp\/v2\/pages\/7511"}],"wp:attachment":[{"href":"https:\/\/wefiv.com\/pt-br\/wp-json\/wp\/v2\/media?parent=7523"}],"curies":[{"name":"wp","href":"https:\/\/api.w.org\/{rel}","templated":true}]}}