{"id":6888,"date":"2021-10-25T11:39:50","date_gmt":"2021-10-25T14:39:50","guid":{"rendered":"https:\/\/wefiv.com\/aviso-legal\/"},"modified":"2026-02-13T07:00:10","modified_gmt":"2026-02-13T10:00:10","slug":"aviso-legal","status":"publish","type":"page","link":"https:\/\/wefiv.com\/pt-br\/aviso-legal\/","title":{"rendered":"Aviso legal"},"content":{"rendered":"\t\t<div data-elementor-type=\"wp-page\" data-elementor-id=\"6888\" class=\"elementor elementor-6888 elementor-2982\" data-elementor-post-type=\"page\">\n\t\t\t\t\t\t<section class=\"elementor-section elementor-top-section elementor-element elementor-element-7856535 elementor-section-height-min-height elementor-section-boxed elementor-section-height-default elementor-section-items-middle\" data-id=\"7856535\" data-element_type=\"section\" data-e-type=\"section\">\n\t\t\t\t\t\t<div class=\"elementor-container elementor-column-gap-default\">\n\t\t\t\t\t<div class=\"elementor-column elementor-col-100 elementor-top-column elementor-element elementor-element-ebc1c8c\" data-id=\"ebc1c8c\" data-element_type=\"column\" data-e-type=\"column\">\n\t\t\t<div class=\"elementor-widget-wrap elementor-element-populated\">\n\t\t\t\t\t\t<div class=\"elementor-element elementor-element-ebfd674 elementor-widget elementor-widget-heading\" data-id=\"ebfd674\" data-element_type=\"widget\" data-e-type=\"widget\" data-widget_type=\"heading.default\">\n\t\t\t\t<div class=\"elementor-widget-container\">\n\t\t\t\t\t<h1 class=\"elementor-heading-title elementor-size-default\">Aviso legal<\/h1>\t\t\t\t<\/div>\n\t\t\t\t<\/div>\n\t\t\t\t<div class=\"elementor-element elementor-element-9eb8763 elementor-widget elementor-widget-text-editor\" data-id=\"9eb8763\" data-element_type=\"widget\" data-e-type=\"widget\" data-widget_type=\"text-editor.default\">\n\t\t\t\t<div class=\"elementor-widget-container\">\n\t\t\t\t\t\t\t\t\t<p>O site cujo dom\u00ednio \u00e9 wefiv.com, doravante denominado &#8220;o Site&#8221;, \u00e9 de propriedade da TEAM WEFIV s.a., doravante denominada &#8220;WeFIV&#8221;, com sede na Av. Del Libertador 5962, PB, Cidade de Buenos Aires, Argentina.<\/p><p>A WeFIV disponibiliza informa\u00e7\u00f5es sobre suas atividades, produtos e servi\u00e7os atrav\u00e9s deste Site. Todo o conte\u00fado das p\u00e1ginas do nosso Site \u00e9 propriedade exclusiva da WeFIV. Todos os direitos de propriedade industrial e intelectual s\u00e3o reservados. O acesso ao conte\u00fado do Site n\u00e3o implica concess\u00e3o de licen\u00e7a de uso dos referidos direitos, portanto, exceto mediante autoriza\u00e7\u00e3o expressa e por escrito de seus titulares &#8211; WeFIV, fica proibida a reprodu\u00e7\u00e3o, modifica\u00e7\u00e3o, distribui\u00e7\u00e3o ou comunica\u00e7\u00e3o p\u00fablica de acordo com a legisla\u00e7\u00e3o argentina vigente.<\/p><p>Todo link usado neste Site \u00e9 fornecido para uso e conveni\u00eancia do visitante. A exist\u00eancia de um link n\u00e3o necessariamente constitui uma aprova\u00e7\u00e3o ou recomenda\u00e7\u00e3o do mesmo, nem de que o referido site tenha qualquer rela\u00e7\u00e3o com a WeFIV. \u00c9 responsabilidade do usu\u00e1rio tomar suas pr\u00f3prias decis\u00f5es sobre se a informa\u00e7\u00e3o de sites externos relacionados a este por meio de um link \u00e9 precisa, atual, confi\u00e1vel e correta.<\/p><p>Este Site pode ser visitado de pa\u00edses de todo o mundo e, portanto, pode conter refer\u00eancias a servi\u00e7os da WeFIV que n\u00e3o s\u00e3o prestados em seu pa\u00eds. Essas refer\u00eancias n\u00e3o significam que a WeFIV preste ou tenha a inten\u00e7\u00e3o de prestar esses servi\u00e7os em um pa\u00eds espec\u00edfico, uma vez que os servi\u00e7os oferecidos depender\u00e3o da exist\u00eancia de Cl\u00ednica, de sua oferta de servi\u00e7os e da legisla\u00e7\u00e3o do pa\u00eds em que se encontra. Para todos os fins, este Site est\u00e1 sujeito \u00e0 legisla\u00e7\u00e3o da Argentina e aos Tribunais Ordin\u00e1rios da cidade de Buenos Aires.<\/p><p>A WeFIV poder\u00e1 modificar estes Termos e Condi\u00e7\u00f5es a qualquer momento, tornando os termos modificados p\u00fablicos no Site. Os termos modificados entrar\u00e3o em vigor 10 (dez) dias ap\u00f3s a sua publica\u00e7\u00e3o.<\/p><p>O uso do Site e\/ou seus servi\u00e7os implica a aceita\u00e7\u00e3o destes Termos e Condi\u00e7\u00f5es.<\/p><p><b>Dados Pessoais<\/b><\/p><p>No \u00e2mbito da Pol\u00edtica de Privacidade, a WeFIV manter\u00e1 em absoluto sigilo a totalidade dos Dados Pessoais fornecidos pelos usu\u00e1rios do Site, exceto nos casos em que a Lei de Prote\u00e7\u00e3o de Dados Pessoais permita sua divulga\u00e7\u00e3o.<\/p><p>Os Dados Pessoais fornecidos pelos usu\u00e1rios ser\u00e3o processados pela WeFIV e incorporados na correspondente base automatizada de dados da qual a WeFIV ser\u00e1 titular e respons\u00e1vel (a &#8220;Base de Dados&#8221;). Atrav\u00e9s da aceita\u00e7\u00e3o dos Termos e Condi\u00e7\u00f5es e da cria\u00e7\u00e3o e\/ou utiliza\u00e7\u00e3o de sua Conta, Voc\u00ea consente neste tratamento que ser\u00e1 utilizado para lhe proporcionar um melhor servi\u00e7o e para realizar a\u00e7\u00f5es de marketing direto, salvo se Voc\u00ea solicitar o contr\u00e1rio, sempre em cumprimento \u00e0 Lei de Prote\u00e7\u00e3o de Dados Pessoais N\u00b0 25.326.<\/p><p>Para exercer\u00a0 os seus direitos de acesso, retifica\u00e7\u00e3o e exclus\u00e3o de seus Dados Pessoais na Base de Dados, por favor, entre em contato com info@wefiv.com.<\/p><p>A WeFIV adotou os n\u00edveis de seguran\u00e7a de prote\u00e7\u00e3o dos Dados Pessoais legalmente requeridos e instalou todos os meios e medidas t\u00e9cnicas ao seu alcance para evitar a perda, o uso indevido, a altera\u00e7\u00e3o, o acesso n\u00e3o autorizado e o roubo dos Dados Pessoais.<\/p><p><b>Indeniza\u00e7\u00e3o<\/b><\/p><p>O Usu\u00e1rio tem a obriga\u00e7\u00e3o expressa e irrevogavelmente de manter livre de danos a\u00a0 WeFIV e\/ou suas empresas afiliadas, funcion\u00e1rios, diretores, administradores, representantes e funcion\u00e1rios em rela\u00e7\u00e3o a qualquer reclama\u00e7\u00e3o e\/ou demanda e\/ou san\u00e7\u00e3o extrajudicial, administrativa ou judicial iniciada por outros usu\u00e1rios, terceiros ou qualquer \u00f3rg\u00e3o nacional, municipal ou provincial relacionado \u00e0s suas atividades no Site, o cumprimento ou o n\u00e3o cumprimento destes Termos e Condi\u00e7\u00f5es.<\/p><p>O Usu\u00e1rio aceita que o uso do Site \u00e9 realizado sob sua pr\u00f3pria, exclusiva e \u00fanica responsabilidade. A WeFIV n\u00e3o se responsabiliza por nenhum dano direto ou indireto, incluindo, sem qualquer limita\u00e7\u00e3o, danos causados pelas perdas de chance, perda ou deteriora\u00e7\u00e3o de informa\u00e7\u00f5es, nem por atrasos, interrup\u00e7\u00f5es e defeitos que possam existir nas transmiss\u00f5es por meio do uso do Site, bem como por v\u00edrus ou falhas no sistema, desde que isso n\u00e3o seja imput\u00e1vel a WeFIV.<\/p><p>WeFIV n\u00e3o ser\u00e1 respons\u00e1vel, em nenhuma hip\u00f3tese, pelos conte\u00fados nem pelas opini\u00f5es expressas pelos usu\u00e1rios por meio de nossos servi\u00e7os online.<\/p><p>WeFIV fornece o conte\u00fado e os servi\u00e7os dispon\u00edveis no Site, sujeito \u00e0s seguintes Condi\u00e7\u00f5es de Navega\u00e7\u00e3o (doravante, &#8220;Condi\u00e7\u00f5es de Navega\u00e7\u00e3o&#8221;) e \u00e0 Pol\u00edtica de Privacidade (a partir de agora, &#8220;Pol\u00edtica de Privacidade&#8221;).<\/p><p>Ao acessar ou usar o Site, o usu\u00e1rio reconhece que leu, entendeu e aceitou, sem limita\u00e7\u00e3o ou reserva alguma, estando obrigado por estas Condi\u00e7\u00f5es de Navega\u00e7\u00e3o e pela Pol\u00edtica de Privacidade que est\u00e3o incorporadas ao Site.<\/p><p>Al\u00e9m disso, o usu\u00e1rio declara ser maior de idade e ter capacidade jur\u00eddica suficiente para vincular-se por estas Condi\u00e7\u00f5es de Navega\u00e7\u00e3o e pela Pol\u00edtica de Privacidade que est\u00e3o incorporadas ao Site.<\/p><p><b>1) Obriga\u00e7\u00f5es e responsabilidades do usu\u00e1rio do Site<\/b><\/p><p>Ao acessar ou usar o Site, o usu\u00e1rio deve seguir as presentes Condi\u00e7\u00f5es de Navega\u00e7\u00e3o e as advert\u00eancias ou instru\u00e7\u00f5es especiais de acesso ou uso contidas no mesmo. Deve agir em todos os momentos de acordo com a lei, costumes e requisitos de boa f\u00e9, com a dilig\u00eancia correspondente \u00e0 natureza da informa\u00e7\u00e3o, declara\u00e7\u00f5es ou qualquer outro conte\u00fado ou servi\u00e7os de que se beneficie. O usu\u00e1rio n\u00e3o poder\u00e1 efetuar qualquer tipo de\u00a0 mudan\u00e7a ou modifica\u00e7\u00e3o na informa\u00e7\u00e3o, declara\u00e7\u00f5es ou outro conte\u00fado ou servi\u00e7os que aparecem neste Site, nem prejudicar de forma alguma sua integridade ou funcionamento.<\/p><p>O tratamento dos dados que o usu\u00e1rio fornece \u00e0 WeFIV, por exemplo, seu nome ou endere\u00e7o de e-mail, est\u00e1 sujeito \u00e0 Pol\u00edtica de Privacidade.<\/p><p>As informa\u00e7\u00f5es que o usu\u00e1rio fornecer \u00e0 WeFIV devem ser sempre fi\u00e9is e precisas. Se de forma negligente ou dolosa violar qualquer uma das obriga\u00e7\u00f5es estabelecidas nestas Condi\u00e7\u00f5es de Navega\u00e7\u00e3o ou em nossa Pol\u00edtica de Privacidade, ser\u00e1 respons\u00e1vel por todos os danos e preju\u00edzos que possam resultar dessa viola\u00e7\u00e3o para a WeFIV.<\/p><p><b>2) Declara\u00e7\u00f5es e Garantias. Limita\u00e7\u00e3o de Responsabilidade<\/b><\/p><p>O conte\u00fado e os servi\u00e7os oferecidos no Site t\u00eam um car\u00e1ter meramente informativo e s\u00e3o apresentados &#8220;como s\u00e3o&#8221;. Portanto, ao oferec\u00ea-los, a WeFIV n\u00e3o d\u00e1 ao usu\u00e1rio nenhuma garantia ou representa\u00e7\u00e3o em rela\u00e7\u00e3o a estas Condi\u00e7\u00f5es de Navega\u00e7\u00e3o ou ao Site, incluindo, a t\u00edtulo enunciativo, garantias de comercializa\u00e7\u00e3o, aus\u00eancia de infra\u00e7\u00e3o ou adequa\u00e7\u00e3o para um determinado fim, salvo na medida em que por lei n\u00e3o possam ser exclu\u00eddas tais declara\u00e7\u00f5es e garantias.<\/p><p>Al\u00e9m disso, os extratos de conta e saldos a receber informados pela WeFIV no Site n\u00e3o s\u00e3o liquida\u00e7\u00f5es de d\u00edvida nem podem ser interpretados como comprovantes de pagamentos realizados, mas sim indicativos, e uma vez que n\u00e3o s\u00e3o atualizados em tempo real, podem n\u00e3o conter informa\u00e7\u00f5es sobre pagamentos recentes ou novas d\u00edvidas por servi\u00e7os. Da mesma forma, se ocorrer um erro de computador e for informado um valor menor de d\u00edvida do que a existente em um determinado dia, seja por falta de contabiliza\u00e7\u00e3o de faturas emitidas ou uma carga de pagamentos que n\u00e3o foram realizados, isso n\u00e3o implicar\u00e1, sob nenhuma circunst\u00e2ncia, um reconhecimento por parte da WeFIV, nem uma anula\u00e7\u00e3o da d\u00edvida, remiss\u00e3o ou diferimento de pagamento. Para verificar o saldo real da conta, dever\u00e1 ser solicitado por escrito para o seguinte\u00a0 e-mail: info@wefiv.com.<\/p><p>O usu\u00e1rio concorda que, nos limites m\u00e1ximos permitidos pela legisla\u00e7\u00e3o aplic\u00e1vel, a WeFIV n\u00e3o ser\u00e1 respons\u00e1vel ou responder\u00e1 em nenhum caso por:<\/p><ul><li aria-level=\"1\">Interrup\u00e7\u00e3o da atividade.<\/li><li aria-level=\"1\">Atrasos ou interrup\u00e7\u00f5es no acesso ao Site.<\/li><li aria-level=\"1\">Falta de entrega, entrega err\u00f4nea, corrup\u00e7\u00e3o, destrui\u00e7\u00e3o ou outra modifica\u00e7\u00e3o de dados.<\/li><li aria-level=\"1\">Danos de qualquer tipo decorrentes do uso de links para sites diferentes do Site ou de sua presen\u00e7a neste.<\/li><li aria-level=\"1\">V\u00edrus de computador, falhas ou mau funcionamento do sistema que possam ocorrer em rela\u00e7\u00e3o ao uso do Site por sua parte, inclusive por meio de links para ou de sites de terceiros.<\/li><li aria-level=\"1\">A obriga\u00e7\u00e3o de controlar ou verificar informa\u00e7\u00f5es, declara\u00e7\u00f5es ou qualquer outro conte\u00fado ou servi\u00e7os do Site ou de outros sites da web aos quais possa ser acessado por meio de links existentes no Site.<\/li><li aria-level=\"1\">Eventos que estejam fora de nosso controle razo\u00e1vel.<\/li><\/ul><p>A \u00fanica obriga\u00e7\u00e3o e responsabilidade da WeFIV em rela\u00e7\u00e3o ao conte\u00fado do Site \u00e9 remover dele, o mais rapidamente poss\u00edvel, as informa\u00e7\u00f5es, declara\u00e7\u00f5es ou qualquer outro conte\u00fado ou servi\u00e7os que sejam incorretos ou substitu\u00ed-los por informa\u00e7\u00f5es, declara\u00e7\u00f5es, conte\u00fado ou servi\u00e7os corretos.<\/p><p>Desde que cumpra as obriga\u00e7\u00f5es descritas no par\u00e1grafo anterior, nem a WeFIV nem seus gerentes, funcion\u00e1rios, entidades associadas ou parceiros responder\u00e3o por quaisquer danos ou preju\u00edzos que voc\u00ea possa incorrer como resultado do uso ou acesso, ou da falta de uso ou acesso, do Site ou de qualquer outro ao qual possa ser acessado por meio dos links existentes no Site, nem por quaisquer danos que possa sofrer como resultado do acesso ou uso do conte\u00fado ou servi\u00e7os.<\/p>\t\t\t\t\t\t\t\t<\/div>\n\t\t\t\t<\/div>\n\t\t\t\t\t<\/div>\n\t\t<\/div>\n\t\t\t\t\t<\/div>\n\t\t<\/section>\n\t\t\t\t<\/div>\n\t\t","protected":false},"excerpt":{"rendered":"<p>Aviso legal O site cujo dom\u00ednio \u00e9 wefiv.com, doravante denominado &#8220;o Site&#8221;, \u00e9 de propriedade da TEAM WEFIV s.a., doravante denominada &#8220;WeFIV&#8221;, com sede na Av. Del Libertador 5962, PB, Cidade de Buenos Aires, Argentina. A WeFIV disponibiliza informa\u00e7\u00f5es sobre suas atividades, produtos e servi\u00e7os atrav\u00e9s deste Site. Todo o conte\u00fado das p\u00e1ginas do nosso [&hellip;]<\/p>\n","protected":false},"author":7,"featured_media":0,"parent":0,"menu_order":0,"comment_status":"closed","ping_status":"closed","template":"elementor_header_footer","meta":{"_joinchat":[],"footnotes":""},"class_list":["post-6888","page","type-page","status-publish","hentry"],"yoast_head":"<!-- This site is optimized with the Yoast SEO plugin v27.2 - https:\/\/yoast.com\/product\/yoast-seo-wordpress\/ -->\n<title>Aviso legal e termos de uso | WeFIV<\/title>\n<meta name=\"description\" content=\"Favor ler nosso aviso legal, bem como os Termos e Condi\u00e7\u00f5es referentes ao uso do site.\" \/>\n<meta name=\"robots\" content=\"noindex, nofollow\" \/>\n<meta property=\"og:locale\" content=\"pt_BR\" \/>\n<meta property=\"og:type\" content=\"article\" \/>\n<meta property=\"og:title\" content=\"Aviso legal e termos de uso | WeFIV\" \/>\n<meta property=\"og:description\" content=\"Favor ler nosso aviso legal, bem como os Termos e Condi\u00e7\u00f5es referentes ao uso do site.\" \/>\n<meta property=\"og:url\" content=\"https:\/\/wefiv.com\/pt-br\/aviso-legal\/\" \/>\n<meta property=\"og:site_name\" content=\"WeFIV\" \/>\n<meta property=\"article:publisher\" content=\"https:\/\/www.facebook.com\/WeFIV.Fertilidad\/\" \/>\n<meta property=\"article:modified_time\" content=\"2026-02-13T10:00:10+00:00\" \/>\n<meta property=\"og:image\" content=\"https:\/\/wefiv.com\/wp-content\/uploads\/2022\/08\/logo-social-square-fb.jpg\" \/>\n\t<meta property=\"og:image:width\" content=\"550\" \/>\n\t<meta property=\"og:image:height\" content=\"550\" \/>\n\t<meta property=\"og:image:type\" content=\"image\/jpeg\" \/>\n<meta name=\"twitter:card\" content=\"summary_large_image\" \/>\n<meta name=\"twitter:site\" content=\"@WeFIV_Fertility\" \/>\n<meta name=\"twitter:label1\" content=\"Est. tempo de leitura\" \/>\n\t<meta name=\"twitter:data1\" content=\"7 minutos\" \/>\n<!-- \/ Yoast SEO plugin. -->","yoast_head_json":{"title":"Aviso legal e termos de uso | WeFIV","description":"Favor ler nosso aviso legal, bem como os Termos e Condi\u00e7\u00f5es referentes ao uso do site.","robots":{"index":"noindex","follow":"nofollow"},"og_locale":"pt_BR","og_type":"article","og_title":"Aviso legal e termos de uso | WeFIV","og_description":"Favor ler nosso aviso legal, bem como os Termos e Condi\u00e7\u00f5es referentes ao uso do site.","og_url":"https:\/\/wefiv.com\/pt-br\/aviso-legal\/","og_site_name":"WeFIV","article_publisher":"https:\/\/www.facebook.com\/WeFIV.Fertilidad\/","article_modified_time":"2026-02-13T10:00:10+00:00","og_image":[{"width":550,"height":550,"url":"https:\/\/wefiv.com\/wp-content\/uploads\/2022\/08\/logo-social-square-fb.jpg","type":"image\/jpeg"}],"twitter_card":"summary_large_image","twitter_site":"@WeFIV_Fertility","twitter_misc":{"Est. tempo de leitura":"7 minutos"},"schema":{"@context":"https:\/\/schema.org","@graph":[{"@type":"WebPage","@id":"https:\/\/wefiv.com\/pt-br\/aviso-legal\/","url":"https:\/\/wefiv.com\/pt-br\/aviso-legal\/","name":"Aviso legal e termos de uso | WeFIV","isPartOf":{"@id":"https:\/\/wefiv.com\/pt-br\/#website"},"datePublished":"2021-10-25T14:39:50+00:00","dateModified":"2026-02-13T10:00:10+00:00","description":"Favor ler nosso aviso legal, bem como os Termos e Condi\u00e7\u00f5es referentes ao uso do site.","inLanguage":"pt-BR","potentialAction":[{"@type":"ReadAction","target":["https:\/\/wefiv.com\/pt-br\/aviso-legal\/"]}]},{"@type":"WebSite","@id":"https:\/\/wefiv.com\/pt-br\/#website","url":"https:\/\/wefiv.com\/pt-br\/","name":"WeFIV","description":"Centro de fertilidad y reproducci\u00f3n asistida","publisher":{"@id":"https:\/\/wefiv.com\/pt-br\/#organization"},"potentialAction":[{"@type":"SearchAction","target":{"@type":"EntryPoint","urlTemplate":"https:\/\/wefiv.com\/pt-br\/?s={search_term_string}"},"query-input":{"@type":"PropertyValueSpecification","valueRequired":true,"valueName":"search_term_string"}}],"inLanguage":"pt-BR"},{"@type":"Organization","@id":"https:\/\/wefiv.com\/pt-br\/#organization","name":"WeFIV","url":"https:\/\/wefiv.com\/pt-br\/","logo":{"@type":"ImageObject","inLanguage":"pt-BR","@id":"https:\/\/wefiv.com\/pt-br\/#\/schema\/logo\/image\/","url":"https:\/\/wefiv.com\/wp-content\/uploads\/2022\/02\/logo-lanzamiento.png","contentUrl":"https:\/\/wefiv.com\/wp-content\/uploads\/2022\/02\/logo-lanzamiento.png","width":550,"height":110,"caption":"WeFIV"},"image":{"@id":"https:\/\/wefiv.com\/pt-br\/#\/schema\/logo\/image\/"},"sameAs":["https:\/\/www.facebook.com\/WeFIV.Fertilidad\/","https:\/\/x.com\/WeFIV_Fertility"]}]}},"_links":{"self":[{"href":"https:\/\/wefiv.com\/pt-br\/wp-json\/wp\/v2\/pages\/6888","targetHints":{"allow":["GET"]}}],"collection":[{"href":"https:\/\/wefiv.com\/pt-br\/wp-json\/wp\/v2\/pages"}],"about":[{"href":"https:\/\/wefiv.com\/pt-br\/wp-json\/wp\/v2\/types\/page"}],"author":[{"embeddable":true,"href":"https:\/\/wefiv.com\/pt-br\/wp-json\/wp\/v2\/users\/7"}],"replies":[{"embeddable":true,"href":"https:\/\/wefiv.com\/pt-br\/wp-json\/wp\/v2\/comments?post=6888"}],"version-history":[{"count":3,"href":"https:\/\/wefiv.com\/pt-br\/wp-json\/wp\/v2\/pages\/6888\/revisions"}],"predecessor-version":[{"id":6891,"href":"https:\/\/wefiv.com\/pt-br\/wp-json\/wp\/v2\/pages\/6888\/revisions\/6891"}],"wp:attachment":[{"href":"https:\/\/wefiv.com\/pt-br\/wp-json\/wp\/v2\/media?parent=6888"}],"curies":[{"name":"wp","href":"https:\/\/api.w.org\/{rel}","templated":true}]}}