{"id":8145,"date":"2021-10-18T19:47:24","date_gmt":"2021-10-18T22:47:24","guid":{"rendered":"https:\/\/wefiv.com\/?page_id=8145"},"modified":"2026-04-20T04:06:56","modified_gmt":"2026-04-20T07:06:56","slug":"quality-and-continuous-improvement","status":"publish","type":"page","link":"https:\/\/wefiv.com\/en\/faqs\/quality-and-continuous-improvement\/","title":{"rendered":"Quality and Continuous Improvement"},"content":{"rendered":"\t\t<div data-elementor-type=\"wp-page\" data-elementor-id=\"8145\" class=\"elementor elementor-8145 elementor-2405\" data-elementor-post-type=\"page\">\n\t\t\t\t\t\t<section class=\"elementor-section elementor-top-section elementor-element elementor-element-60ec83d4 elementor-section-height-min-height elementor-section-boxed elementor-section-height-default elementor-section-items-middle\" data-id=\"60ec83d4\" data-element_type=\"section\" data-e-type=\"section\" data-settings=\"{&quot;background_background&quot;:&quot;classic&quot;}\">\n\t\t\t\t\t\t<div class=\"elementor-container elementor-column-gap-default\">\n\t\t\t\t\t<div class=\"elementor-column elementor-col-100 elementor-top-column elementor-element elementor-element-677aeb77\" data-id=\"677aeb77\" data-element_type=\"column\" data-e-type=\"column\">\n\t\t\t<div class=\"elementor-widget-wrap elementor-element-populated\">\n\t\t\t\t\t\t<section class=\"elementor-section elementor-inner-section elementor-element elementor-element-6c145e5c elementor-reverse-mobile elementor-section-boxed elementor-section-height-default elementor-section-height-default\" data-id=\"6c145e5c\" data-element_type=\"section\" data-e-type=\"section\">\n\t\t\t\t\t\t<div class=\"elementor-container elementor-column-gap-default\">\n\t\t\t\t\t<div class=\"elementor-column elementor-col-50 elementor-inner-column elementor-element elementor-element-11da5641\" data-id=\"11da5641\" data-element_type=\"column\" data-e-type=\"column\">\n\t\t\t<div class=\"elementor-widget-wrap elementor-element-populated\">\n\t\t\t\t\t\t<div class=\"elementor-element elementor-element-23af2427 elementor-widget elementor-widget-heading\" data-id=\"23af2427\" data-element_type=\"widget\" data-e-type=\"widget\" data-widget_type=\"heading.default\">\n\t\t\t\t<div class=\"elementor-widget-container\">\n\t\t\t\t\t<h1 class=\"elementor-heading-title elementor-size-default\">Quality and Continuous Improvement<\/h1>\t\t\t\t<\/div>\n\t\t\t\t<\/div>\n\t\t\t\t<div class=\"elementor-element elementor-element-26afd57e elementor-widget elementor-widget-text-editor\" data-id=\"26afd57e\" data-element_type=\"widget\" data-e-type=\"widget\" data-widget_type=\"text-editor.default\">\n\t\t\t\t<div class=\"elementor-widget-container\">\n\t\t\t\t\t\t\t\t\t<p><span style=\"font-weight: 400;\">Our priority is to provide personalized attention to all those who come to our center for infertility problems in women and men.<\/span><\/p>\t\t\t\t\t\t\t\t<\/div>\n\t\t\t\t<\/div>\n\t\t\t\t<div class=\"elementor-element elementor-element-2839acfb btn-default elementor-mobile-align-center elementor-widget elementor-widget-button\" data-id=\"2839acfb\" data-element_type=\"widget\" data-e-type=\"widget\" data-widget_type=\"button.default\">\n\t\t\t\t<div class=\"elementor-widget-container\">\n\t\t\t\t\t\t\t\t\t<div class=\"elementor-button-wrapper\">\n\t\t\t\t\t<a class=\"elementor-button elementor-button-link elementor-size-sm\" href=\"#mas-informacion\">\n\t\t\t\t\t\t<span class=\"elementor-button-content-wrapper\">\n\t\t\t\t\t\t\t\t\t<span class=\"elementor-button-text\">More information<\/span>\n\t\t\t\t\t<\/span>\n\t\t\t\t\t<\/a>\n\t\t\t\t<\/div>\n\t\t\t\t\t\t\t\t<\/div>\n\t\t\t\t<\/div>\n\t\t\t\t\t<\/div>\n\t\t<\/div>\n\t\t\t\t<div class=\"elementor-column elementor-col-50 elementor-inner-column elementor-element elementor-element-2958bedd\" data-id=\"2958bedd\" data-element_type=\"column\" data-e-type=\"column\">\n\t\t\t<div class=\"elementor-widget-wrap elementor-element-populated\">\n\t\t\t\t\t\t<div class=\"elementor-element elementor-element-1a2ccd46 elementor-widget elementor-widget-spacer\" data-id=\"1a2ccd46\" data-element_type=\"widget\" data-e-type=\"widget\" data-widget_type=\"spacer.default\">\n\t\t\t\t<div class=\"elementor-widget-container\">\n\t\t\t\t\t\t\t<div class=\"elementor-spacer\">\n\t\t\t<div class=\"elementor-spacer-inner\"><\/div>\n\t\t<\/div>\n\t\t\t\t\t\t<\/div>\n\t\t\t\t<\/div>\n\t\t\t\t\t<\/div>\n\t\t<\/div>\n\t\t\t\t\t<\/div>\n\t\t<\/section>\n\t\t\t\t\t<\/div>\n\t\t<\/div>\n\t\t\t\t\t<\/div>\n\t\t<\/section>\n\t\t\t\t<section class=\"elementor-section elementor-top-section elementor-element elementor-element-4a4953b9 bw-breadcrumb elementor-section-boxed elementor-section-height-default elementor-section-height-default\" data-id=\"4a4953b9\" data-element_type=\"section\" data-e-type=\"section\" id=\"mas-informacion\" data-settings=\"{&quot;background_background&quot;:&quot;gradient&quot;}\">\n\t\t\t\t\t\t<div class=\"elementor-container elementor-column-gap-default\">\n\t\t\t\t\t<div class=\"elementor-column elementor-col-100 elementor-top-column elementor-element elementor-element-76f3013c\" data-id=\"76f3013c\" data-element_type=\"column\" data-e-type=\"column\">\n\t\t\t<div class=\"elementor-widget-wrap elementor-element-populated\">\n\t\t\t\t\t\t<div class=\"elementor-element elementor-element-59ec4003 elementor-widget elementor-widget-wp-widget-bcn_widget\" data-id=\"59ec4003\" data-element_type=\"widget\" data-e-type=\"widget\" data-widget_type=\"wp-widget-bcn_widget.default\">\n\t\t\t\t<div class=\"elementor-widget-container\">\n\t\t\t\t\t<div class=\"breadcrumbs\" vocab=\"https:\/\/schema.org\/\" typeof=\"BreadcrumbList\"><span property=\"itemListElement\" typeof=\"ListItem\"><a property=\"item\" typeof=\"WebPage\" title=\"Go to WeFIV.\" href=\"https:\/\/wefiv.com\/en\/\" class=\"home\" ><span property=\"name\">WeFIV<\/span><\/a><meta property=\"position\" content=\"1\"><\/span> &gt; <span property=\"itemListElement\" typeof=\"ListItem\"><a property=\"item\" typeof=\"WebPage\" title=\"Go to Blog.\" href=\"https:\/\/wefiv.com\/blog\/\" class=\"post-root post post-post\" aria-current=\"page\"><span property=\"name\">Blog<\/span><\/a><meta property=\"position\" content=\"2\"><\/span><\/div>\t\t\t\t<\/div>\n\t\t\t\t<\/div>\n\t\t\t\t\t<\/div>\n\t\t<\/div>\n\t\t\t\t\t<\/div>\n\t\t<\/section>\n\t\t\t\t<section class=\"elementor-section elementor-top-section elementor-element elementor-element-af08894 elementor-section-boxed elementor-section-height-default elementor-section-height-default\" data-id=\"af08894\" data-element_type=\"section\" data-e-type=\"section\">\n\t\t\t\t\t\t<div class=\"elementor-container elementor-column-gap-default\">\n\t\t\t\t\t<div class=\"elementor-column elementor-col-100 elementor-top-column elementor-element elementor-element-8a7723d\" data-id=\"8a7723d\" data-element_type=\"column\" data-e-type=\"column\">\n\t\t\t<div class=\"elementor-widget-wrap elementor-element-populated\">\n\t\t\t\t\t\t<div class=\"elementor-element elementor-element-2f367338 elementor-widget elementor-widget-heading\" data-id=\"2f367338\" data-element_type=\"widget\" data-e-type=\"widget\" data-widget_type=\"heading.default\">\n\t\t\t\t<div class=\"elementor-widget-container\">\n\t\t\t\t\t<h2 class=\"elementor-heading-title elementor-size-default\">WeFIV pillars: quality and innovation in action<\/h2>\t\t\t\t<\/div>\n\t\t\t\t<\/div>\n\t\t\t\t\t<\/div>\n\t\t<\/div>\n\t\t\t\t\t<\/div>\n\t\t<\/section>\n\t\t\t\t<section class=\"elementor-section elementor-top-section elementor-element elementor-element-ed0b5ed elementor-section-boxed elementor-section-height-default elementor-section-height-default\" data-id=\"ed0b5ed\" data-element_type=\"section\" data-e-type=\"section\">\n\t\t\t\t\t\t<div class=\"elementor-container elementor-column-gap-default\">\n\t\t\t\t\t<div class=\"elementor-column elementor-col-33 elementor-top-column elementor-element elementor-element-df21ff3\" data-id=\"df21ff3\" data-element_type=\"column\" data-e-type=\"column\">\n\t\t\t<div class=\"elementor-widget-wrap elementor-element-populated\">\n\t\t\t\t\t\t<div class=\"elementor-element elementor-element-678ef6c0 elementor-widget elementor-widget-image\" data-id=\"678ef6c0\" data-element_type=\"widget\" data-e-type=\"widget\" data-widget_type=\"image.default\">\n\t\t\t\t<div class=\"elementor-widget-container\">\n\t\t\t\t\t\t\t\t\t\t\t\t\t\t\t<img fetchpriority=\"high\" decoding=\"async\" width=\"490\" height=\"320\" src=\"https:\/\/wefiv.com\/wp-content\/uploads\/2021\/03\/clinica-tratamientos.jpg\" class=\"attachment-full size-full wp-image-6005\" alt=\"\" srcset=\"https:\/\/wefiv.com\/wp-content\/uploads\/2021\/03\/clinica-tratamientos.jpg 490w, https:\/\/wefiv.com\/wp-content\/uploads\/2021\/03\/clinica-tratamientos-300x196.jpg 300w\" sizes=\"(max-width: 490px) 100vw, 490px\" \/>\t\t\t\t\t\t\t\t\t\t\t\t\t\t\t<\/div>\n\t\t\t\t<\/div>\n\t\t\t\t<div class=\"elementor-element elementor-element-a63a1bc elementor-widget elementor-widget-text-editor\" data-id=\"a63a1bc\" data-element_type=\"widget\" data-e-type=\"widget\" data-widget_type=\"text-editor.default\">\n\t\t\t\t<div class=\"elementor-widget-container\">\n\t\t\t\t\t\t\t\t\t<h3>Professionals<\/h3><p>Globally recognized and internationally awarded for their scientific work and clinical results.<\/p>\t\t\t\t\t\t\t\t<\/div>\n\t\t\t\t<\/div>\n\t\t\t\t\t<\/div>\n\t\t<\/div>\n\t\t\t\t<div class=\"elementor-column elementor-col-33 elementor-top-column elementor-element elementor-element-3ee437b\" data-id=\"3ee437b\" data-element_type=\"column\" data-e-type=\"column\">\n\t\t\t<div class=\"elementor-widget-wrap elementor-element-populated\">\n\t\t\t\t\t\t<div class=\"elementor-element elementor-element-5f2cc5fd elementor-widget elementor-widget-image\" data-id=\"5f2cc5fd\" data-element_type=\"widget\" data-e-type=\"widget\" data-widget_type=\"image.default\">\n\t\t\t\t<div class=\"elementor-widget-container\">\n\t\t\t\t\t\t\t\t\t\t\t\t\t\t\t<img decoding=\"async\" width=\"490\" height=\"320\" src=\"https:\/\/wefiv.com\/wp-content\/uploads\/2021\/03\/clinica-profesionales.jpg\" class=\"attachment-full size-full wp-image-6007\" alt=\"\" srcset=\"https:\/\/wefiv.com\/wp-content\/uploads\/2021\/03\/clinica-profesionales.jpg 490w, https:\/\/wefiv.com\/wp-content\/uploads\/2021\/03\/clinica-profesionales-300x196.jpg 300w\" sizes=\"(max-width: 490px) 100vw, 490px\" \/>\t\t\t\t\t\t\t\t\t\t\t\t\t\t\t<\/div>\n\t\t\t\t<\/div>\n\t\t\t\t<div class=\"elementor-element elementor-element-60890a3a elementor-widget elementor-widget-text-editor\" data-id=\"60890a3a\" data-element_type=\"widget\" data-e-type=\"widget\" data-widget_type=\"text-editor.default\">\n\t\t\t\t<div class=\"elementor-widget-container\">\n\t\t\t\t\t\t\t\t\t<h3>Constant attention<\/h3>\nWe offer constant, comprehensive, personalized attention, guaranteeing quality services. All our staff have access to a database where they can access information about your particular case to provide a personalized response.\n\n\t\t\t\t\t\t\t\t<\/div>\n\t\t\t\t<\/div>\n\t\t\t\t\t<\/div>\n\t\t<\/div>\n\t\t\t\t<div class=\"elementor-column elementor-col-33 elementor-top-column elementor-element elementor-element-6ef5257\" data-id=\"6ef5257\" data-element_type=\"column\" data-e-type=\"column\">\n\t\t\t<div class=\"elementor-widget-wrap elementor-element-populated\">\n\t\t\t\t\t\t<div class=\"elementor-element elementor-element-56ccb69f elementor-widget elementor-widget-image\" data-id=\"56ccb69f\" data-element_type=\"widget\" data-e-type=\"widget\" data-widget_type=\"image.default\">\n\t\t\t\t<div class=\"elementor-widget-container\">\n\t\t\t\t\t\t\t\t\t\t\t\t\t\t\t<img decoding=\"async\" width=\"490\" height=\"320\" src=\"https:\/\/wefiv.com\/wp-content\/uploads\/2021\/03\/clinica-servicios.jpg\" class=\"attachment-full size-full wp-image-6009\" alt=\"\" srcset=\"https:\/\/wefiv.com\/wp-content\/uploads\/2021\/03\/clinica-servicios.jpg 490w, https:\/\/wefiv.com\/wp-content\/uploads\/2021\/03\/clinica-servicios-300x196.jpg 300w\" sizes=\"(max-width: 490px) 100vw, 490px\" \/>\t\t\t\t\t\t\t\t\t\t\t\t\t\t\t<\/div>\n\t\t\t\t<\/div>\n\t\t\t\t<div class=\"elementor-element elementor-element-fb24b72 elementor-widget elementor-widget-text-editor\" data-id=\"fb24b72\" data-element_type=\"widget\" data-e-type=\"widget\" data-widget_type=\"text-editor.default\">\n\t\t\t\t<div class=\"elementor-widget-container\">\n\t\t\t\t\t\t\t\t\t<h3>Comprehensive Treatment\n<\/h3>\nWe treat health in a holistic way where not only the biological but also the psychological and social aspects affect us. We do not treat pathologies, but people. That is why we conduct satisfaction surveys to promote continuous improvement.\n\n\t\t\t\t\t\t\t\t<\/div>\n\t\t\t\t<\/div>\n\t\t\t\t\t<\/div>\n\t\t<\/div>\n\t\t\t\t\t<\/div>\n\t\t<\/section>\n\t\t\t\t<section class=\"elementor-section elementor-top-section elementor-element elementor-element-71d590e2 elementor-section-boxed elementor-section-height-default elementor-section-height-default\" data-id=\"71d590e2\" data-element_type=\"section\" data-e-type=\"section\">\n\t\t\t\t\t\t<div class=\"elementor-container elementor-column-gap-default\">\n\t\t\t\t\t<div class=\"elementor-column elementor-col-100 elementor-top-column elementor-element elementor-element-1ee87b63\" data-id=\"1ee87b63\" data-element_type=\"column\" data-e-type=\"column\">\n\t\t\t<div class=\"elementor-widget-wrap elementor-element-populated\">\n\t\t\t\t\t\t<div class=\"elementor-element elementor-element-6af45a48 elementor-widget elementor-widget-heading\" data-id=\"6af45a48\" data-element_type=\"widget\" data-e-type=\"widget\" data-widget_type=\"heading.default\">\n\t\t\t\t<div class=\"elementor-widget-container\">\n\t\t\t\t\t<h2 class=\"elementor-heading-title elementor-size-default\">Continuous Improvement<\/h2>\t\t\t\t<\/div>\n\t\t\t\t<\/div>\n\t\t\t\t<div class=\"elementor-element elementor-element-6af064d4 elementor-widget elementor-widget-heading\" data-id=\"6af064d4\" data-element_type=\"widget\" data-e-type=\"widget\" data-widget_type=\"heading.default\">\n\t\t\t\t<div class=\"elementor-widget-container\">\n\t\t\t\t\t<h4 class=\"elementor-heading-title elementor-size-default\">We have a quality management system, based on strategic processes that allows us to have high success rates so that our patients achieve pregnancy.<\/h4>\t\t\t\t<\/div>\n\t\t\t\t<\/div>\n\t\t\t\t\t<\/div>\n\t\t<\/div>\n\t\t\t\t\t<\/div>\n\t\t<\/section>\n\t\t\t\t<section class=\"elementor-section elementor-top-section elementor-element elementor-element-852d630 elementor-hidden-desktop elementor-hidden-tablet elementor-hidden-mobile elementor-section-boxed elementor-section-height-default elementor-section-height-default\" data-id=\"852d630\" data-element_type=\"section\" data-e-type=\"section\">\n\t\t\t\t\t\t<div class=\"elementor-container elementor-column-gap-default\">\n\t\t\t\t\t<div class=\"elementor-column elementor-col-100 elementor-top-column elementor-element elementor-element-3d596da\" data-id=\"3d596da\" data-element_type=\"column\" data-e-type=\"column\">\n\t\t\t<div class=\"elementor-widget-wrap elementor-element-populated\">\n\t\t\t\t\t\t<div class=\"elementor-element elementor-element-3b754ea elementor-widget elementor-widget-heading\" data-id=\"3b754ea\" data-element_type=\"widget\" data-e-type=\"widget\" data-widget_type=\"heading.default\">\n\t\t\t\t<div class=\"elementor-widget-container\">\n\t\t\t\t\t<h2 class=\"elementor-heading-title elementor-size-default\">\u00bfExiste alguna pol\u00edtica de calidad de WeFIV?<\/h2>\t\t\t\t<\/div>\n\t\t\t\t<\/div>\n\t\t\t\t<div class=\"elementor-element elementor-element-92ef37d elementor-widget elementor-widget-heading\" data-id=\"92ef37d\" data-element_type=\"widget\" data-e-type=\"widget\" data-widget_type=\"heading.default\">\n\t\t\t\t<div class=\"elementor-widget-container\">\n\t\t\t\t\t<h4 class=\"elementor-heading-title elementor-size-default\">S\u00ed, contamos con una pol\u00edtica de calidad a la que pod\u00e9s acceder desde el <a href='#'>siguiente link.<\/a> <br>Si te interesa saber m\u00e1s pod\u00e9s leer nuestro Manual de Calidad. <\/h4>\t\t\t\t<\/div>\n\t\t\t\t<\/div>\n\t\t\t\t<div class=\"elementor-element elementor-element-c020ee8 elementor-align-center btn-default elementor-widget elementor-widget-button\" data-id=\"c020ee8\" data-element_type=\"widget\" data-e-type=\"widget\" data-widget_type=\"button.default\">\n\t\t\t\t<div class=\"elementor-widget-container\">\n\t\t\t\t\t\t\t\t\t<div class=\"elementor-button-wrapper\">\n\t\t\t\t\t<a class=\"elementor-button elementor-button-link elementor-size-sm\" href=\"#\">\n\t\t\t\t\t\t<span class=\"elementor-button-content-wrapper\">\n\t\t\t\t\t\t\t\t\t<span class=\"elementor-button-text\">Manual de Calidad<\/span>\n\t\t\t\t\t<\/span>\n\t\t\t\t\t<\/a>\n\t\t\t\t<\/div>\n\t\t\t\t\t\t\t\t<\/div>\n\t\t\t\t<\/div>\n\t\t\t\t\t<\/div>\n\t\t<\/div>\n\t\t\t\t\t<\/div>\n\t\t<\/section>\n\t\t\t\t<\/div>\n\t\t","protected":false},"excerpt":{"rendered":"<p>Quality and Continuous Improvement Our priority is to provide personalized attention to all those who come to our center for infertility problems in women and men. More information WeFIV pillars: quality and innovation in action Professionals Globally recognized and internationally awarded for their scientific work and clinical results. Constant attention We offer constant, comprehensive, personalized [&hellip;]<\/p>\n","protected":false},"author":14,"featured_media":0,"parent":6903,"menu_order":0,"comment_status":"closed","ping_status":"closed","template":"elementor_header_footer","meta":{"_joinchat":[],"footnotes":""},"class_list":["post-8145","page","type-page","status-publish","hentry"],"yoast_head":"<!-- This site is optimized with the Yoast SEO plugin v27.2 - https:\/\/yoast.com\/product\/yoast-seo-wordpress\/ -->\n<title>Quality and Continuous Improvement - WeFIV<\/title>\n<meta name=\"description\" content=\"Learn how WeFIV ensures quality and continuous improvement through strict protocols, advanced technology and a commitment to patient safety.\" \/>\n<meta name=\"robots\" content=\"index, follow, max-snippet:-1, max-image-preview:large, max-video-preview:-1\" \/>\n<link rel=\"canonical\" href=\"https:\/\/wefiv.com\/en\/faqs\/quality-and-continuous-improvement\/\" \/>\n<meta property=\"og:locale\" content=\"en_US\" \/>\n<meta property=\"og:type\" content=\"article\" \/>\n<meta property=\"og:title\" content=\"Quality and Continuous Improvement - WeFIV\" \/>\n<meta property=\"og:description\" content=\"Learn how WeFIV ensures quality and continuous improvement through strict protocols, advanced technology and a commitment to patient safety.\" \/>\n<meta property=\"og:url\" content=\"https:\/\/wefiv.com\/en\/faqs\/quality-and-continuous-improvement\/\" \/>\n<meta property=\"og:site_name\" content=\"WeFIV\" \/>\n<meta property=\"article:publisher\" content=\"https:\/\/www.facebook.com\/WeFIV.Fertilidad\/\" \/>\n<meta property=\"article:modified_time\" content=\"2026-04-20T07:06:56+00:00\" \/>\n<meta property=\"og:image\" content=\"https:\/\/wefiv.com\/wp-content\/uploads\/2021\/03\/clinica-tratamientos.jpg\" \/>\n\t<meta property=\"og:image:width\" content=\"490\" \/>\n\t<meta property=\"og:image:height\" content=\"320\" \/>\n\t<meta property=\"og:image:type\" content=\"image\/jpeg\" \/>\n<meta name=\"twitter:card\" content=\"summary_large_image\" \/>\n<meta name=\"twitter:site\" content=\"@WeFIV_Fertility\" \/>\n<meta name=\"twitter:label1\" content=\"Est. reading time\" \/>\n\t<meta name=\"twitter:data1\" content=\"2 minutes\" \/>\n<!-- \/ Yoast SEO plugin. -->","yoast_head_json":{"title":"Quality and Continuous Improvement - WeFIV","description":"Learn how WeFIV ensures quality and continuous improvement through strict protocols, advanced technology and a commitment to patient safety.","robots":{"index":"index","follow":"follow","max-snippet":"max-snippet:-1","max-image-preview":"max-image-preview:large","max-video-preview":"max-video-preview:-1"},"canonical":"https:\/\/wefiv.com\/en\/faqs\/quality-and-continuous-improvement\/","og_locale":"en_US","og_type":"article","og_title":"Quality and Continuous Improvement - WeFIV","og_description":"Learn how WeFIV ensures quality and continuous improvement through strict protocols, advanced technology and a commitment to patient safety.","og_url":"https:\/\/wefiv.com\/en\/faqs\/quality-and-continuous-improvement\/","og_site_name":"WeFIV","article_publisher":"https:\/\/www.facebook.com\/WeFIV.Fertilidad\/","article_modified_time":"2026-04-20T07:06:56+00:00","og_image":[{"width":490,"height":320,"url":"https:\/\/wefiv.com\/wp-content\/uploads\/2021\/03\/clinica-tratamientos.jpg","type":"image\/jpeg"}],"twitter_card":"summary_large_image","twitter_site":"@WeFIV_Fertility","twitter_misc":{"Est. reading time":"2 minutes"},"schema":{"@context":"https:\/\/schema.org","@graph":[{"@type":"WebPage","@id":"https:\/\/wefiv.com\/en\/faqs\/quality-and-continuous-improvement\/","url":"https:\/\/wefiv.com\/en\/faqs\/quality-and-continuous-improvement\/","name":"Quality and Continuous Improvement - WeFIV","isPartOf":{"@id":"https:\/\/wefiv.com\/en\/#website"},"primaryImageOfPage":{"@id":"https:\/\/wefiv.com\/en\/faqs\/quality-and-continuous-improvement\/#primaryimage"},"image":{"@id":"https:\/\/wefiv.com\/en\/faqs\/quality-and-continuous-improvement\/#primaryimage"},"thumbnailUrl":"https:\/\/wefiv.com\/wp-content\/uploads\/2021\/03\/clinica-tratamientos.jpg","datePublished":"2021-10-18T22:47:24+00:00","dateModified":"2026-04-20T07:06:56+00:00","description":"Learn how WeFIV ensures quality and continuous improvement through strict protocols, advanced technology and a commitment to patient safety.","breadcrumb":{"@id":"https:\/\/wefiv.com\/en\/faqs\/quality-and-continuous-improvement\/#breadcrumb"},"inLanguage":"en-US","potentialAction":[{"@type":"ReadAction","target":["https:\/\/wefiv.com\/en\/faqs\/quality-and-continuous-improvement\/"]}]},{"@type":"ImageObject","inLanguage":"en-US","@id":"https:\/\/wefiv.com\/en\/faqs\/quality-and-continuous-improvement\/#primaryimage","url":"https:\/\/wefiv.com\/wp-content\/uploads\/2021\/03\/clinica-tratamientos.jpg","contentUrl":"https:\/\/wefiv.com\/wp-content\/uploads\/2021\/03\/clinica-tratamientos.jpg"},{"@type":"BreadcrumbList","@id":"https:\/\/wefiv.com\/en\/faqs\/quality-and-continuous-improvement\/#breadcrumb","itemListElement":[{"@type":"ListItem","position":1,"name":"FAQs","item":"https:\/\/wefiv.com\/en\/faqs\/"},{"@type":"ListItem","position":2,"name":"Quality and Continuous Improvement"}]},{"@type":"WebSite","@id":"https:\/\/wefiv.com\/en\/#website","url":"https:\/\/wefiv.com\/en\/","name":"WeFIV","description":"Centro de fertilidad y reproducci\u00f3n asistida","publisher":{"@id":"https:\/\/wefiv.com\/en\/#organization"},"potentialAction":[{"@type":"SearchAction","target":{"@type":"EntryPoint","urlTemplate":"https:\/\/wefiv.com\/en\/?s={search_term_string}"},"query-input":{"@type":"PropertyValueSpecification","valueRequired":true,"valueName":"search_term_string"}}],"inLanguage":"en-US"},{"@type":"Organization","@id":"https:\/\/wefiv.com\/en\/#organization","name":"WeFIV","url":"https:\/\/wefiv.com\/en\/","logo":{"@type":"ImageObject","inLanguage":"en-US","@id":"https:\/\/wefiv.com\/en\/#\/schema\/logo\/image\/","url":"https:\/\/wefiv.com\/wp-content\/uploads\/2022\/02\/logo-lanzamiento.png","contentUrl":"https:\/\/wefiv.com\/wp-content\/uploads\/2022\/02\/logo-lanzamiento.png","width":550,"height":110,"caption":"WeFIV"},"image":{"@id":"https:\/\/wefiv.com\/en\/#\/schema\/logo\/image\/"},"sameAs":["https:\/\/www.facebook.com\/WeFIV.Fertilidad\/","https:\/\/x.com\/WeFIV_Fertility"]}]}},"_links":{"self":[{"href":"https:\/\/wefiv.com\/en\/wp-json\/wp\/v2\/pages\/8145","targetHints":{"allow":["GET"]}}],"collection":[{"href":"https:\/\/wefiv.com\/en\/wp-json\/wp\/v2\/pages"}],"about":[{"href":"https:\/\/wefiv.com\/en\/wp-json\/wp\/v2\/types\/page"}],"author":[{"embeddable":true,"href":"https:\/\/wefiv.com\/en\/wp-json\/wp\/v2\/users\/14"}],"replies":[{"embeddable":true,"href":"https:\/\/wefiv.com\/en\/wp-json\/wp\/v2\/comments?post=8145"}],"version-history":[{"count":3,"href":"https:\/\/wefiv.com\/en\/wp-json\/wp\/v2\/pages\/8145\/revisions"}],"predecessor-version":[{"id":19534,"href":"https:\/\/wefiv.com\/en\/wp-json\/wp\/v2\/pages\/8145\/revisions\/19534"}],"up":[{"embeddable":true,"href":"https:\/\/wefiv.com\/en\/wp-json\/wp\/v2\/pages\/6903"}],"wp:attachment":[{"href":"https:\/\/wefiv.com\/en\/wp-json\/wp\/v2\/media?parent=8145"}],"curies":[{"name":"wp","href":"https:\/\/api.w.org\/{rel}","templated":true}]}}